{"id":14406,"date":"2017-11-08T16:40:57","date_gmt":"2017-11-08T15:40:57","guid":{"rendered":"https:\/\/sonats-et.com\/martelage\/systeme-portatif-de-martelage\/"},"modified":"2024-12-23T16:54:14","modified_gmt":"2024-12-23T15:54:14","slug":"ultrasonic-impact-treatment-equipment","status":"publish","type":"page","link":"https:\/\/sonats-et.com\/en\/hfmi-treatment\/ultrasonic-impact-treatment-equipment\/","title":{"rendered":"Ultrasonic impact treatment equipment"},"content":{"rendered":"<div class=\"wpb-content-wrapper\"><p>[vc_row][vc_column][vc_row_inner equal_height=&#8221;yes&#8221; content_placement=&#8221;middle&#8221;][vc_column_inner width=&#8221;2\/3&#8243;][vc_column_text]<\/p>\n<h2>NOMAD\u00a0&#8211;\u00a0Portable ultrasonic impact treatment equipment<\/h2>\n<p>Our NOMAD equipment is designed and built to guaranty weld impact treatment requirements and needs on site but also in the production workshop. Its strong design, protected by a transport wheelcase and its STRESSONIC\u00ae ultrasonic technology ensure easy access to the areas to be treated combined with an optimal quality of treatment.<\/p>\n<p>Our lightweight and portable NOMAD HFMI\/UIT equipment is used directly on-site for the treatment of your welded structures (examples: road or rail infrastructure, heavy machinery).<\/p>\n<p>This solution reduces: the resources required for treatment, the infrastructure downtime and the maintenance costs.<\/p>\n<p>Our equipment is designed to be strong enough to withstand outdoor use.<\/p>\n<p>Moreover, our international network, our reliability and our responsiveness mean that we can offer you quality <a href=\"https:\/\/sonats-et.com\/en\/hfmi-treatment\/ultrasonic-impact-treatment-services\/\">services anywhere in the world<\/a>.[\/vc_column_text][\/vc_column_inner][vc_column_inner width=&#8221;1\/3&#8243; css=&#8221;.vc_custom_1542208571668{background-color: #ffffff !important;}&#8221;]<div class=\"ult-content-box-container downloadform\" >\t<a class=\"ult-content-box-anchor\" href=\"http:\/\/sonats-et.com\/en\/downloads\/\" title=\"Download our brochure about our portable ultrasonic impact treatment equipment (UIT\/HFMI)\" >\t\t<div class=\"ult-content-box\" style=\"background-color:rgba(0,157,224,0.15);box-shadow: px px px px none;padding:15px;margin-top:5px;margin-right:15px;margin-bottom:5px;margin-left:15px;-webkit-transition: all 700ms ease;-moz-transition: all 700ms ease;-ms-transition: all 700ms ease;-o-transition: all 700ms ease;transition: all 700ms ease;\"  data-hover_bg_color=\"rgba(205,91,27,0.15)\"  data-hover_box_shadow=\"none\"    data-normal_margins=\"margin-top:5px;margin-right:15px;margin-bottom:5px;margin-left:15px;\"   data-bg=\"rgba(0,157,224,0.15)\" >[vc_single_image image=&#8221;18577&#8243; img_size=&#8221;150*212&#8243; alignment=&#8221;center&#8221;][vc_column_text]<\/p>\n<p style=\"text-align: center;\"><span style=\"color: #2f3787;\"><strong>Download our dedicated flyer to discover NOMAD&#8217;s advantages and accessories<\/strong><\/span><\/p>\n<p>[\/vc_column_text][vc_btn title=&#8221;Download !&#8221; style=&#8221;custom&#8221; custom_background=&#8221;#cd5b1b&#8221; custom_text=&#8221;#ffffff&#8221; align=&#8221;center&#8221; i_icon_fontawesome=&#8221;fas fa-file-download&#8221; add_icon=&#8221;true&#8221;]\t\t<\/div>\t<\/a><\/div>[\/vc_column_inner][\/vc_row_inner][vc_empty_space height=&#8221;64px&#8221;][vc_row_inner equal_height=&#8221;yes&#8221; content_placement=&#8221;middle&#8221;][vc_column_inner width=&#8221;1\/6&#8243;][vc_icon icon_fontawesome=&#8221;fas fa-chalkboard-teacher&#8221; color=&#8221;custom&#8221; size=&#8221;xl&#8221; align=&#8221;center&#8221; custom_color=&#8221;#cd5b1b&#8221; link=&#8221;url:https%3A%2F%2Fsonats-et.com%2Fcontact%2F|title:Contact&#8221;][\/vc_column_inner][vc_column_inner el_class=&#8221;contactform&#8221; width=&#8221;5\/6&#8243; css=&#8221;.vc_custom_1697183053842{background-color: #ffffff !important;}&#8221;][vc_column_text]<span style=\"font-size: 1.2em;\">SONATS provides <span style=\"color: #cd5b1b;\"><strong>distance learning<\/strong><\/span> of our ultrasonic impact treamtment equipment NOMAD. From equipment presentation to first level maintenance. Get safely trained ! <a href=\"https:\/\/sonats-et.com\/contact\/\"><span style=\"color: #cd5b1b;\"><strong>Contact-us for more information.<\/strong><\/span><\/a><\/span>[\/vc_column_text][\/vc_column_inner][\/vc_row_inner][vc_empty_space][\/vc_column][\/vc_row][vc_row][vc_column width=&#8221;1\/2&#8243;][vc_empty_space][vc_video link=&#8221;https:\/\/youtu.be\/7b4RAMfcsTw&#8221;][vc_empty_space][\/vc_column][vc_column width=&#8221;1\/2&#8243;][vc_empty_space][vc_video link=&#8221;https:\/\/youtu.be\/KtBP_7wVFf0&#8243; align=&#8221;center&#8221;][vc_empty_space][\/vc_column][\/vc_row][vc_row bg_type=&#8221;bg_color&#8221; bg_override=&#8221;full&#8221; bg_color_value=&#8221;#f2f2f2&#8243;][vc_column][vc_empty_space height=&#8221;15px&#8221;][vc_row_inner][vc_column_inner][vc_column_text]<\/p>\n<h3>Weld impact treatment applications<\/h3>\n<p>[\/vc_column_text][\/vc_column_inner][\/vc_row_inner][vc_row_inner][vc_column_inner width=&#8221;1\/3&#8243;][vc_single_image image=&#8221;14121&#8243; img_size=&#8221;250*250&#8243; add_caption=&#8221;yes&#8221; alignment=&#8221;center&#8221; image_hover=&#8221;&#8221; title=&#8221;Convex welding&#8221;][\/vc_column_inner][vc_column_inner width=&#8221;1\/3&#8243;][vc_single_image image=&#8221;14119&#8243; img_size=&#8221;250*250&#8243; add_caption=&#8221;yes&#8221; alignment=&#8221;center&#8221; image_hover=&#8221;&#8221; title=&#8221;Heat affected area&#8221;][\/vc_column_inner][vc_column_inner width=&#8221;1\/3&#8243;][vc_single_image image=&#8221;14117&#8243; img_size=&#8221;250*250&#8243; add_caption=&#8221;yes&#8221; alignment=&#8221;center&#8221; image_hover=&#8221;&#8221; title=&#8221;Flat and concave welding&#8221;][\/vc_column_inner][\/vc_row_inner][\/vc_column][\/vc_row][vc_row el_class=&#8221;block-half-col&#8221;][vc_column][vc_empty_space][vc_column_text]<\/p>\n<h2 style=\"text-align: center;\">Examples of portable ultrasonic weld impact treatment equipment applications<\/h2>\n<p>[\/vc_column_text][vc_row_inner content_placement=&#8221;middle&#8221;][vc_column_inner width=&#8221;1\/2&#8243;][vc_column_text css_animation=&#8221;none&#8221;]<\/p>\n<h3>STRENGTHENING DEFENCE VEHICLES<\/h3>\n<p>For defence vehicles such as forward crossing vehicles need require <strong>optimum quality of the welds and the structure is vital<\/strong>.<\/p>\n<p>This is why the NOMAD portable device equipped with specific end-pieces (standard and multi-impact) was used for <strong>preventive treatment of weld impact treatments and peening of flat surfaces.<\/strong><\/p>\n<p><span style=\"color: #009de0;\"><strong>The aim is to improve resistance to stress corrosion cracking for aluminium alloy defence vehicles.<\/strong><\/span>[\/vc_column_text][\/vc_column_inner][vc_column_inner width=&#8221;1\/2&#8243;][vc_single_image image=&#8221;13823&#8243; img_size=&#8221;thumbnail585*520&#8243;][\/vc_column_inner][\/vc_row_inner][vc_row_inner content_placement=&#8221;middle&#8221; el_class=&#8221;range-alternance&#8221;][vc_column_inner width=&#8221;1\/2&#8243;][vc_single_image image=&#8221;13829&#8243; img_size=&#8221;585*520&#8243;][\/vc_column_inner][vc_column_inner width=&#8221;1\/2&#8243;][vc_column_text]<\/p>\n<h3>ROAD INFRASTRUCTURES REPAIRS<\/h3>\n<p>Faced with the increase of traffic and the increase of the transported loads, mechanically welded assemblies of road infrastructures are subjected to considerable tensile stresses.<\/p>\n<p>SONATS supplied the NOMAD portable device for<strong> curative treatment of platforms on welded steel metal bridges, <span style=\"color: #009de0;\">aiming to repair and improve the lifetime of welds. <\/span><\/strong><\/p>\n<p>NOMAD was also been used on new bridges in the USA, Canada, Europe and Asia for crack prevention treatment.[\/vc_column_text][\/vc_column_inner][\/vc_row_inner][vc_row_inner content_placement=&#8221;middle&#8221;][vc_column_inner width=&#8221;1\/2&#8243;][vc_column_text]<\/p>\n<h3>REPAIR OF MARINE STRUCTURES<\/h3>\n<p>Marine structures are subject to cyclic stress due to variable loading and the aggressive environment.<\/p>\n<p>Equipped with a NOMAD fitted with an angled end-piece for hard-to-reach areas, operators applied a <strong>curative peening treatment to an aluminium patrol boat that had suffered corrosive and mechanical damage<\/strong>.[\/vc_column_text][\/vc_column_inner][vc_column_inner width=&#8221;1\/2&#8243;][vc_single_image image=&#8221;13827&#8243; img_size=&#8221;585*520&#8243;][\/vc_column_inner][\/vc_row_inner][vc_row_inner content_placement=&#8221;middle&#8221; el_class=&#8221;range-alternance&#8221;][vc_column_inner width=&#8221;1\/2&#8243;][vc_single_image image=&#8221;13825&#8243; img_size=&#8221;585*520&#8243;][\/vc_column_inner][vc_column_inner width=&#8221;1\/2&#8243;][vc_column_text]<\/p>\n<h3>RAILWAY TRACK REPAIRS<\/h3>\n<p>The frequency of trains and their associated weight are very variable and subject the railway tracks to high compression which cracks the welds of the rails at certain junction points.<\/p>\n<p>The railway company worked with SONATS <strong><span style=\"color: #009de0;\">to develop a new repair procedure<\/span> with the NOMAD portable equipment<\/strong>, <strong>equipped with a treatment head specifically designed for the work and an inclined end-piece for treatment in the field to access difficult to reach areas.<\/strong>[\/vc_column_text][\/vc_column_inner][\/vc_row_inner][\/vc_column][\/vc_row][vc_row][vc_column][vc_btn title=&#8221;Learn more about our range of customized accessories and peening head&#8221; style=&#8221;custom&#8221; custom_background=&#8221;#cd5b1b&#8221; custom_text=&#8221;#ffffff&#8221; size=&#8221;lg&#8221; align=&#8221;center&#8221; i_icon_fontawesome=&#8221;fas fa-envelope&#8221; button_block=&#8221;true&#8221; add_icon=&#8221;true&#8221; link=&#8221;url:https%3A%2F%2Fsonats-et.com%2Fcontact%2Fcontact-form%2F&#8221; el_class=&#8221;contactform&#8221;][vc_empty_space height=&#8221;64px&#8221;][\/vc_column][\/vc_row]<\/p>\n<\/div>","protected":false},"excerpt":{"rendered":"<p>[vc_row][vc_column][vc_row_inner equal_height=&#8221;yes&#8221; content_placement=&#8221;middle&#8221;][vc_column_inner width=&#8221;2\/3&#8243;][vc_column_text] NOMAD\u00a0&#8211;\u00a0Portable ultrasonic impact treatment equipment Our NOMAD equipment is designed and built to guaranty weld impact treatment requirements and needs on site but also in the&hellip;<\/p>\n","protected":false},"author":1,"featured_media":17838,"parent":14401,"menu_order":0,"comment_status":"closed","ping_status":"closed","template":"","meta":{"_acf_changed":false,"footnotes":""},"class_list":["post-14406","page","type-page","status-publish","has-post-thumbnail","hentry"],"acf":[],"yoast_head":"<title>Portable ultrasonic impact treatment equipment \u2502SONATS<\/title>\n<meta name=\"description\" content=\"SONATS provides a portable ultrasonic impact treatment equipment for the treatment of welded structures (ex: infrastructures, railway...).\" \/>\n<meta name=\"robots\" content=\"index, follow, max-snippet:-1, max-image-preview:large, max-video-preview:-1\" \/>\n<link rel=\"canonical\" href=\"https:\/\/sonats-et.com\/en\/hfmi-treatment\/ultrasonic-impact-treatment-equipment\/\" \/>\n<meta property=\"og:locale\" content=\"en_US\" \/>\n<meta property=\"og:type\" content=\"article\" \/>\n<meta property=\"og:title\" content=\"Portable ultrasonic impact treatment equipment \u2502SONATS\" \/>\n<meta property=\"og:description\" content=\"SONATS provides a portable ultrasonic impact treatment equipment for the treatment of welded structures (ex: infrastructures, railway...).\" \/>\n<meta property=\"og:url\" content=\"https:\/\/sonats-et.com\/en\/hfmi-treatment\/ultrasonic-impact-treatment-equipment\/\" \/>\n<meta property=\"og:site_name\" content=\"SONATS\" \/>\n<meta property=\"article:modified_time\" content=\"2024-12-23T15:54:14+00:00\" \/>\n<meta property=\"og:image\" content=\"https:\/\/sonats-et.com\/wp-content\/uploads\/sites\/3\/2021\/10\/Parach\u00e8vement-de-soudure_SONATS.jpg\" \/>\n\t<meta property=\"og:image:width\" content=\"2000\" \/>\n\t<meta property=\"og:image:height\" content=\"1328\" \/>\n\t<meta property=\"og:image:type\" content=\"image\/jpeg\" \/>\n<meta name=\"twitter:card\" content=\"summary_large_image\" \/>\n<meta name=\"twitter:site\" content=\"@EuropeTechno\" \/>\n<meta name=\"twitter:label1\" content=\"Est. reading time\" \/>\n\t<meta name=\"twitter:data1\" content=\"5 minutes\" \/>\n<script type=\"application\/ld+json\" class=\"yoast-schema-graph\">{\"@context\":\"https:\\\/\\\/schema.org\",\"@graph\":[{\"@type\":\"WebPage\",\"@id\":\"https:\\\/\\\/sonats-et.com\\\/en\\\/hfmi-treatment\\\/ultrasonic-impact-treatment-equipment\\\/\",\"url\":\"https:\\\/\\\/sonats-et.com\\\/en\\\/hfmi-treatment\\\/ultrasonic-impact-treatment-equipment\\\/\",\"name\":\"Portable ultrasonic impact treatment equipment \u2502SONATS\",\"isPartOf\":{\"@id\":\"https:\\\/\\\/sonats-et.com\\\/#website\"},\"primaryImageOfPage\":{\"@id\":\"https:\\\/\\\/sonats-et.com\\\/en\\\/hfmi-treatment\\\/ultrasonic-impact-treatment-equipment\\\/#primaryimage\"},\"image\":{\"@id\":\"https:\\\/\\\/sonats-et.com\\\/en\\\/hfmi-treatment\\\/ultrasonic-impact-treatment-equipment\\\/#primaryimage\"},\"thumbnailUrl\":\"https:\\\/\\\/sonats-et.com\\\/wp-content\\\/uploads\\\/sites\\\/3\\\/2021\\\/10\\\/Parach\u00e8vement-de-soudure_SONATS.jpg\",\"datePublished\":\"2017-11-08T15:40:57+00:00\",\"dateModified\":\"2024-12-23T15:54:14+00:00\",\"description\":\"SONATS provides a portable ultrasonic impact treatment equipment for the treatment of welded structures (ex: infrastructures, railway...).\",\"breadcrumb\":{\"@id\":\"https:\\\/\\\/sonats-et.com\\\/en\\\/hfmi-treatment\\\/ultrasonic-impact-treatment-equipment\\\/#breadcrumb\"},\"inLanguage\":\"en-US\",\"potentialAction\":[{\"@type\":\"ReadAction\",\"target\":[\"https:\\\/\\\/sonats-et.com\\\/en\\\/hfmi-treatment\\\/ultrasonic-impact-treatment-equipment\\\/\"]}]},{\"@type\":\"ImageObject\",\"inLanguage\":\"en-US\",\"@id\":\"https:\\\/\\\/sonats-et.com\\\/en\\\/hfmi-treatment\\\/ultrasonic-impact-treatment-equipment\\\/#primaryimage\",\"url\":\"https:\\\/\\\/sonats-et.com\\\/wp-content\\\/uploads\\\/sites\\\/3\\\/2021\\\/10\\\/Parach\u00e8vement-de-soudure_SONATS.jpg\",\"contentUrl\":\"https:\\\/\\\/sonats-et.com\\\/wp-content\\\/uploads\\\/sites\\\/3\\\/2021\\\/10\\\/Parach\u00e8vement-de-soudure_SONATS.jpg\",\"width\":2000,\"height\":1328,\"caption\":\"Op\u00e9ration manuelle de parach\u00e8vement de soudure - SONATS\"},{\"@type\":\"BreadcrumbList\",\"@id\":\"https:\\\/\\\/sonats-et.com\\\/en\\\/hfmi-treatment\\\/ultrasonic-impact-treatment-equipment\\\/#breadcrumb\",\"itemListElement\":[{\"@type\":\"ListItem\",\"position\":1,\"name\":\"Home\",\"item\":\"https:\\\/\\\/sonats-et.com\\\/en\\\/\"},{\"@type\":\"ListItem\",\"position\":2,\"name\":\"HFMI treatment\",\"item\":\"https:\\\/\\\/sonats-et.com\\\/en\\\/hfmi-treatment\\\/\"},{\"@type\":\"ListItem\",\"position\":3,\"name\":\"Ultrasonic impact treatment equipment\"}]},{\"@type\":\"WebSite\",\"@id\":\"https:\\\/\\\/sonats-et.com\\\/#website\",\"url\":\"https:\\\/\\\/sonats-et.com\\\/\",\"name\":\"SONATS\",\"description\":\"Grenaillage de pr\u00e9contrainte - SONATS - Shot peening et redressage ultrasons - contraintes r\u00e9siduelles\",\"potentialAction\":[{\"@type\":\"SearchAction\",\"target\":{\"@type\":\"EntryPoint\",\"urlTemplate\":\"https:\\\/\\\/sonats-et.com\\\/?s={search_term_string}\"},\"query-input\":{\"@type\":\"PropertyValueSpecification\",\"valueRequired\":true,\"valueName\":\"search_term_string\"}}],\"inLanguage\":\"en-US\"}]}<\/script>","yoast_head_json":{"title":"Portable ultrasonic impact treatment equipment \u2502SONATS","description":"SONATS provides a portable ultrasonic impact treatment equipment for the treatment of welded structures (ex: infrastructures, railway...).","robots":{"index":"index","follow":"follow","max-snippet":"max-snippet:-1","max-image-preview":"max-image-preview:large","max-video-preview":"max-video-preview:-1"},"canonical":"https:\/\/sonats-et.com\/en\/hfmi-treatment\/ultrasonic-impact-treatment-equipment\/","og_locale":"en_US","og_type":"article","og_title":"Portable ultrasonic impact treatment equipment \u2502SONATS","og_description":"SONATS provides a portable ultrasonic impact treatment equipment for the treatment of welded structures (ex: infrastructures, railway...).","og_url":"https:\/\/sonats-et.com\/en\/hfmi-treatment\/ultrasonic-impact-treatment-equipment\/","og_site_name":"SONATS","article_modified_time":"2024-12-23T15:54:14+00:00","og_image":[{"width":2000,"height":1328,"url":"https:\/\/sonats-et.com\/wp-content\/uploads\/sites\/3\/2021\/10\/Parach\u00e8vement-de-soudure_SONATS.jpg","type":"image\/jpeg"}],"twitter_card":"summary_large_image","twitter_site":"@EuropeTechno","twitter_misc":{"Est. reading time":"5 minutes"},"schema":{"@context":"https:\/\/schema.org","@graph":[{"@type":"WebPage","@id":"https:\/\/sonats-et.com\/en\/hfmi-treatment\/ultrasonic-impact-treatment-equipment\/","url":"https:\/\/sonats-et.com\/en\/hfmi-treatment\/ultrasonic-impact-treatment-equipment\/","name":"Portable ultrasonic impact treatment equipment \u2502SONATS","isPartOf":{"@id":"https:\/\/sonats-et.com\/#website"},"primaryImageOfPage":{"@id":"https:\/\/sonats-et.com\/en\/hfmi-treatment\/ultrasonic-impact-treatment-equipment\/#primaryimage"},"image":{"@id":"https:\/\/sonats-et.com\/en\/hfmi-treatment\/ultrasonic-impact-treatment-equipment\/#primaryimage"},"thumbnailUrl":"https:\/\/sonats-et.com\/wp-content\/uploads\/sites\/3\/2021\/10\/Parach\u00e8vement-de-soudure_SONATS.jpg","datePublished":"2017-11-08T15:40:57+00:00","dateModified":"2024-12-23T15:54:14+00:00","description":"SONATS provides a portable ultrasonic impact treatment equipment for the treatment of welded structures (ex: infrastructures, railway...).","breadcrumb":{"@id":"https:\/\/sonats-et.com\/en\/hfmi-treatment\/ultrasonic-impact-treatment-equipment\/#breadcrumb"},"inLanguage":"en-US","potentialAction":[{"@type":"ReadAction","target":["https:\/\/sonats-et.com\/en\/hfmi-treatment\/ultrasonic-impact-treatment-equipment\/"]}]},{"@type":"ImageObject","inLanguage":"en-US","@id":"https:\/\/sonats-et.com\/en\/hfmi-treatment\/ultrasonic-impact-treatment-equipment\/#primaryimage","url":"https:\/\/sonats-et.com\/wp-content\/uploads\/sites\/3\/2021\/10\/Parach\u00e8vement-de-soudure_SONATS.jpg","contentUrl":"https:\/\/sonats-et.com\/wp-content\/uploads\/sites\/3\/2021\/10\/Parach\u00e8vement-de-soudure_SONATS.jpg","width":2000,"height":1328,"caption":"Op\u00e9ration manuelle de parach\u00e8vement de soudure - SONATS"},{"@type":"BreadcrumbList","@id":"https:\/\/sonats-et.com\/en\/hfmi-treatment\/ultrasonic-impact-treatment-equipment\/#breadcrumb","itemListElement":[{"@type":"ListItem","position":1,"name":"Home","item":"https:\/\/sonats-et.com\/en\/"},{"@type":"ListItem","position":2,"name":"HFMI treatment","item":"https:\/\/sonats-et.com\/en\/hfmi-treatment\/"},{"@type":"ListItem","position":3,"name":"Ultrasonic impact treatment equipment"}]},{"@type":"WebSite","@id":"https:\/\/sonats-et.com\/#website","url":"https:\/\/sonats-et.com\/","name":"SONATS","description":"Grenaillage de pr\u00e9contrainte - SONATS - Shot peening et redressage ultrasons - contraintes r\u00e9siduelles","potentialAction":[{"@type":"SearchAction","target":{"@type":"EntryPoint","urlTemplate":"https:\/\/sonats-et.com\/?s={search_term_string}"},"query-input":{"@type":"PropertyValueSpecification","valueRequired":true,"valueName":"search_term_string"}}],"inLanguage":"en-US"}]}},"_links":{"self":[{"href":"https:\/\/sonats-et.com\/en\/wp-json\/wp\/v2\/pages\/14406","targetHints":{"allow":["GET"]}}],"collection":[{"href":"https:\/\/sonats-et.com\/en\/wp-json\/wp\/v2\/pages"}],"about":[{"href":"https:\/\/sonats-et.com\/en\/wp-json\/wp\/v2\/types\/page"}],"author":[{"embeddable":true,"href":"https:\/\/sonats-et.com\/en\/wp-json\/wp\/v2\/users\/1"}],"replies":[{"embeddable":true,"href":"https:\/\/sonats-et.com\/en\/wp-json\/wp\/v2\/comments?post=14406"}],"version-history":[{"count":23,"href":"https:\/\/sonats-et.com\/en\/wp-json\/wp\/v2\/pages\/14406\/revisions"}],"predecessor-version":[{"id":18432,"href":"https:\/\/sonats-et.com\/en\/wp-json\/wp\/v2\/pages\/14406\/revisions\/18432"}],"up":[{"embeddable":true,"href":"https:\/\/sonats-et.com\/en\/wp-json\/wp\/v2\/pages\/14401"}],"wp:featuredmedia":[{"embeddable":true,"href":"https:\/\/sonats-et.com\/en\/wp-json\/wp\/v2\/media\/17838"}],"wp:attachment":[{"href":"https:\/\/sonats-et.com\/en\/wp-json\/wp\/v2\/media?parent=14406"}],"curies":[{"name":"wp","href":"https:\/\/api.w.org\/{rel}","templated":true}]}}