{"id":14455,"date":"2017-11-08T16:29:08","date_gmt":"2017-11-08T15:29:08","guid":{"rendered":"https:\/\/sonats-et.com\/grenaillage\/accessoires-de-grenaillage\/supports-almen\/"},"modified":"2019-01-15T10:48:21","modified_gmt":"2019-01-15T09:48:21","slug":"supports-almen","status":"publish","type":"page","link":"https:\/\/sonats-et.com\/en\/shot-peening\/shot-peening-accessories\/supports-almen\/","title":{"rendered":"ALMEN Strip Holders"},"content":{"rendered":"<div class=\"wpb-content-wrapper\"><p>[vc_row][vc_column][vc_row_inner equal_height=&#8221;yes&#8221; content_placement=&#8221;middle&#8221;][vc_column_inner width=&#8221;2\/3&#8243;][vc_column_text]<\/p>\n<h2>ALMEN strip holders<\/h2>\n<p>All of our ALMEN strip holders, from ELECTRONICS INC (EI), fulfil the SAE J442 standard. EI holders have a hardness of 58 HRC or higher. EI holders can be custom-made upon demand.[\/vc_column_text][\/vc_column_inner][vc_column_inner width=&#8221;1\/3&#8243; css=&#8221;.vc_custom_1542201844994{background-color: #ffffff !important;}&#8221;]<div class=\"ult-content-box-container \" >\t<a class=\"ult-content-box-anchor\" href=\"http:\/\/sonats-et.com\/telechargements\/\" title=\"T\u00e9l\u00e9chargez notre brochure sur les supports ALMEN\" >\t\t<div class=\"ult-content-box\" style=\"background-color:#f2f2f2;box-shadow: px px px px none;padding:25px;margin:25px;-webkit-transition: all 700ms ease;-moz-transition: all 700ms ease;-ms-transition: all 700ms ease;-o-transition: all 700ms ease;transition: all 700ms ease;\"  data-hover_bg_color=\"#f9f9f9\"  data-hover_box_shadow=\"none\"    data-normal_margins=\"margin:25px;\"   data-bg=\"#f2f2f2\" >[vc_icon icon_fontawesome=&#8221;fa fa-download&#8221; color=&#8221;custom&#8221; background_style=&#8221;rounded-outline&#8221; background_color=&#8221;custom&#8221; size=&#8221;xl&#8221; align=&#8221;center&#8221; custom_color=&#8221;#a21c26&#8243; custom_background_color=&#8221;#a21c26&#8243;][vc_column_text]Download our brochures on ALMEN gauges, holders and specimens.[\/vc_column_text]\t\t<\/div>\t<\/a><\/div>[\/vc_column_inner][\/vc_row_inner][\/vc_column][\/vc_row][vc_row][vc_column][vc_column_text]<\/p>\n<h3>ALMEN strip holders<\/h3>\n<p>[\/vc_column_text][vc_masonry_media_grid item=&#8221;masonryMedia_SlideWithTitleAndCaption&#8221; grid_id=&#8221;vc_gid:1547545612206-f34a342f-d36e-2&#8243; include=&#8221;13526,13528,13530&#8243;][vc_column_text]<\/p>\n<h3>AERO-ALMEN strip holders<\/h3>\n<p>[\/vc_column_text][vc_masonry_media_grid item=&#8221;masonryMedia_SlideWithTitleAndCaption&#8221; grid_id=&#8221;vc_gid:1547545612211-13d5026b-ec57-5&#8243; include=&#8221;13532&#8243;][vc_column_text]<\/p>\n<h3>ALMEN magnetic holders<\/h3>\n<p>[\/vc_column_text][vc_masonry_media_grid item=&#8221;masonryMedia_SlideWithTitleAndCaption&#8221; grid_id=&#8221;vc_gid:1547545612214-a8f9e393-f25f-1&#8243; include=&#8221;13534&#8243;][vc_empty_space][\/vc_column][\/vc_row]<\/p>\n<\/div>","protected":false},"excerpt":{"rendered":"<p>[vc_row][vc_column][vc_row_inner equal_height=&#8221;yes&#8221; content_placement=&#8221;middle&#8221;][vc_column_inner width=&#8221;2\/3&#8243;][vc_column_text] ALMEN strip holders All of our ALMEN strip holders, from ELECTRONICS INC (EI), fulfil the SAE J442 standard. EI holders have a hardness of 58 HRC&hellip;<\/p>\n","protected":false},"author":1,"featured_media":0,"parent":14452,"menu_order":0,"comment_status":"closed","ping_status":"closed","template":"","meta":{"_acf_changed":false,"footnotes":""},"class_list":["post-14455","page","type-page","status-publish","hentry"],"acf":[],"yoast_head":"<title>Supports ALMEN - Grenaillage de pr\u00e9contrainte \u2502 SONATS<\/title>\n<meta name=\"description\" content=\"Tous nos supports pour \u00e9prouvettes ALMEN, de la marque ELECTRONICS INC (EI), r\u00e9pondent \u00e0 la norme SAE J442 et sont personnalisables.\" \/>\n<meta name=\"robots\" content=\"index, follow, max-snippet:-1, max-image-preview:large, max-video-preview:-1\" \/>\n<link rel=\"canonical\" href=\"https:\/\/sonats-et.com\/en\/shot-peening\/shot-peening-accessories\/supports-almen\/\" \/>\n<meta property=\"og:locale\" content=\"en_US\" \/>\n<meta property=\"og:type\" content=\"article\" \/>\n<meta property=\"og:title\" content=\"Supports ALMEN - Grenaillage de pr\u00e9contrainte \u2502 SONATS\" \/>\n<meta property=\"og:description\" content=\"Tous nos supports pour \u00e9prouvettes ALMEN, de la marque ELECTRONICS INC (EI), r\u00e9pondent \u00e0 la norme SAE J442 et sont personnalisables.\" \/>\n<meta property=\"og:url\" content=\"https:\/\/sonats-et.com\/en\/shot-peening\/shot-peening-accessories\/supports-almen\/\" \/>\n<meta property=\"og:site_name\" content=\"SONATS\" \/>\n<meta property=\"article:modified_time\" content=\"2019-01-15T09:48:21+00:00\" \/>\n<meta name=\"twitter:card\" content=\"summary_large_image\" \/>\n<meta name=\"twitter:site\" content=\"@EuropeTechno\" \/>\n<meta name=\"twitter:label1\" content=\"Est. reading time\" \/>\n\t<meta name=\"twitter:data1\" content=\"1 minute\" \/>\n<script type=\"application\/ld+json\" class=\"yoast-schema-graph\">{\"@context\":\"https:\\\/\\\/schema.org\",\"@graph\":[{\"@type\":\"WebPage\",\"@id\":\"https:\\\/\\\/sonats-et.com\\\/en\\\/shot-peening\\\/shot-peening-accessories\\\/supports-almen\\\/\",\"url\":\"https:\\\/\\\/sonats-et.com\\\/en\\\/shot-peening\\\/shot-peening-accessories\\\/supports-almen\\\/\",\"name\":\"Supports ALMEN - Grenaillage de pr\u00e9contrainte \u2502 SONATS\",\"isPartOf\":{\"@id\":\"https:\\\/\\\/sonats-et.com\\\/#website\"},\"datePublished\":\"2017-11-08T15:29:08+00:00\",\"dateModified\":\"2019-01-15T09:48:21+00:00\",\"description\":\"Tous nos supports pour \u00e9prouvettes ALMEN, de la marque ELECTRONICS INC (EI), r\u00e9pondent \u00e0 la norme SAE J442 et sont personnalisables.\",\"breadcrumb\":{\"@id\":\"https:\\\/\\\/sonats-et.com\\\/en\\\/shot-peening\\\/shot-peening-accessories\\\/supports-almen\\\/#breadcrumb\"},\"inLanguage\":\"en-US\",\"potentialAction\":[{\"@type\":\"ReadAction\",\"target\":[\"https:\\\/\\\/sonats-et.com\\\/en\\\/shot-peening\\\/shot-peening-accessories\\\/supports-almen\\\/\"]}]},{\"@type\":\"BreadcrumbList\",\"@id\":\"https:\\\/\\\/sonats-et.com\\\/en\\\/shot-peening\\\/shot-peening-accessories\\\/supports-almen\\\/#breadcrumb\",\"itemListElement\":[{\"@type\":\"ListItem\",\"position\":1,\"name\":\"Home\",\"item\":\"https:\\\/\\\/sonats-et.com\\\/en\\\/\"},{\"@type\":\"ListItem\",\"position\":2,\"name\":\"Shot peening\",\"item\":\"https:\\\/\\\/sonats-et.com\\\/en\\\/shot-peening\\\/\"},{\"@type\":\"ListItem\",\"position\":3,\"name\":\"Shot peening accessories\",\"item\":\"https:\\\/\\\/sonats-et.com\\\/en\\\/shot-peening\\\/shot-peening-accessories\\\/\"},{\"@type\":\"ListItem\",\"position\":4,\"name\":\"ALMEN Strip Holders\"}]},{\"@type\":\"WebSite\",\"@id\":\"https:\\\/\\\/sonats-et.com\\\/#website\",\"url\":\"https:\\\/\\\/sonats-et.com\\\/\",\"name\":\"SONATS\",\"description\":\"Grenaillage de pr\u00e9contrainte - SONATS - Shot peening et redressage ultrasons - contraintes r\u00e9siduelles\",\"potentialAction\":[{\"@type\":\"SearchAction\",\"target\":{\"@type\":\"EntryPoint\",\"urlTemplate\":\"https:\\\/\\\/sonats-et.com\\\/?s={search_term_string}\"},\"query-input\":{\"@type\":\"PropertyValueSpecification\",\"valueRequired\":true,\"valueName\":\"search_term_string\"}}],\"inLanguage\":\"en-US\"}]}<\/script>","yoast_head_json":{"title":"Supports ALMEN - Grenaillage de pr\u00e9contrainte \u2502 SONATS","description":"Tous nos supports pour \u00e9prouvettes ALMEN, de la marque ELECTRONICS INC (EI), r\u00e9pondent \u00e0 la norme SAE J442 et sont personnalisables.","robots":{"index":"index","follow":"follow","max-snippet":"max-snippet:-1","max-image-preview":"max-image-preview:large","max-video-preview":"max-video-preview:-1"},"canonical":"https:\/\/sonats-et.com\/en\/shot-peening\/shot-peening-accessories\/supports-almen\/","og_locale":"en_US","og_type":"article","og_title":"Supports ALMEN - Grenaillage de pr\u00e9contrainte \u2502 SONATS","og_description":"Tous nos supports pour \u00e9prouvettes ALMEN, de la marque ELECTRONICS INC (EI), r\u00e9pondent \u00e0 la norme SAE J442 et sont personnalisables.","og_url":"https:\/\/sonats-et.com\/en\/shot-peening\/shot-peening-accessories\/supports-almen\/","og_site_name":"SONATS","article_modified_time":"2019-01-15T09:48:21+00:00","twitter_card":"summary_large_image","twitter_site":"@EuropeTechno","twitter_misc":{"Est. reading time":"1 minute"},"schema":{"@context":"https:\/\/schema.org","@graph":[{"@type":"WebPage","@id":"https:\/\/sonats-et.com\/en\/shot-peening\/shot-peening-accessories\/supports-almen\/","url":"https:\/\/sonats-et.com\/en\/shot-peening\/shot-peening-accessories\/supports-almen\/","name":"Supports ALMEN - Grenaillage de pr\u00e9contrainte \u2502 SONATS","isPartOf":{"@id":"https:\/\/sonats-et.com\/#website"},"datePublished":"2017-11-08T15:29:08+00:00","dateModified":"2019-01-15T09:48:21+00:00","description":"Tous nos supports pour \u00e9prouvettes ALMEN, de la marque ELECTRONICS INC (EI), r\u00e9pondent \u00e0 la norme SAE J442 et sont personnalisables.","breadcrumb":{"@id":"https:\/\/sonats-et.com\/en\/shot-peening\/shot-peening-accessories\/supports-almen\/#breadcrumb"},"inLanguage":"en-US","potentialAction":[{"@type":"ReadAction","target":["https:\/\/sonats-et.com\/en\/shot-peening\/shot-peening-accessories\/supports-almen\/"]}]},{"@type":"BreadcrumbList","@id":"https:\/\/sonats-et.com\/en\/shot-peening\/shot-peening-accessories\/supports-almen\/#breadcrumb","itemListElement":[{"@type":"ListItem","position":1,"name":"Home","item":"https:\/\/sonats-et.com\/en\/"},{"@type":"ListItem","position":2,"name":"Shot peening","item":"https:\/\/sonats-et.com\/en\/shot-peening\/"},{"@type":"ListItem","position":3,"name":"Shot peening accessories","item":"https:\/\/sonats-et.com\/en\/shot-peening\/shot-peening-accessories\/"},{"@type":"ListItem","position":4,"name":"ALMEN Strip Holders"}]},{"@type":"WebSite","@id":"https:\/\/sonats-et.com\/#website","url":"https:\/\/sonats-et.com\/","name":"SONATS","description":"Grenaillage de pr\u00e9contrainte - SONATS - Shot peening et redressage ultrasons - contraintes r\u00e9siduelles","potentialAction":[{"@type":"SearchAction","target":{"@type":"EntryPoint","urlTemplate":"https:\/\/sonats-et.com\/?s={search_term_string}"},"query-input":{"@type":"PropertyValueSpecification","valueRequired":true,"valueName":"search_term_string"}}],"inLanguage":"en-US"}]}},"_links":{"self":[{"href":"https:\/\/sonats-et.com\/en\/wp-json\/wp\/v2\/pages\/14455","targetHints":{"allow":["GET"]}}],"collection":[{"href":"https:\/\/sonats-et.com\/en\/wp-json\/wp\/v2\/pages"}],"about":[{"href":"https:\/\/sonats-et.com\/en\/wp-json\/wp\/v2\/types\/page"}],"author":[{"embeddable":true,"href":"https:\/\/sonats-et.com\/en\/wp-json\/wp\/v2\/users\/1"}],"replies":[{"embeddable":true,"href":"https:\/\/sonats-et.com\/en\/wp-json\/wp\/v2\/comments?post=14455"}],"version-history":[{"count":4,"href":"https:\/\/sonats-et.com\/en\/wp-json\/wp\/v2\/pages\/14455\/revisions"}],"predecessor-version":[{"id":15004,"href":"https:\/\/sonats-et.com\/en\/wp-json\/wp\/v2\/pages\/14455\/revisions\/15004"}],"up":[{"embeddable":true,"href":"https:\/\/sonats-et.com\/en\/wp-json\/wp\/v2\/pages\/14452"}],"wp:attachment":[{"href":"https:\/\/sonats-et.com\/en\/wp-json\/wp\/v2\/media?parent=14455"}],"curies":[{"name":"wp","href":"https:\/\/api.w.org\/{rel}","templated":true}]}}