{"id":14461,"date":"2017-11-08T16:27:53","date_gmt":"2017-11-08T15:27:53","guid":{"rendered":"https:\/\/sonats-et.com\/grenaillage\/accessoires-de-grenaillage\/controleur-de-debit-magnavalve\/"},"modified":"2019-01-14T18:14:30","modified_gmt":"2019-01-14T17:14:30","slug":"controleur-de-debit-magnavalve","status":"publish","type":"page","link":"https:\/\/sonats-et.com\/en\/shot-peening\/shot-peening-accessories\/controleur-de-debit-magnavalve\/","title":{"rendered":"Magnavalves\u00ae"},"content":{"rendered":"<div class=\"wpb-content-wrapper\"><p>[vc_row][vc_column][vc_column_text]<\/p>\n<h2><span lang=\"EN-GB\">Control the media flow with the MagnaValve\u00ae!<\/span><\/h2>\n<p>[\/vc_column_text][\/vc_column][\/vc_row][vc_row][vc_column][vc_row_inner equal_height=&#8221;yes&#8221; content_placement=&#8221;middle&#8221;][vc_column_inner width=&#8221;2\/3&#8243;][vc_column_text]<\/p>\n<h3>MAGNAVALVE\u00ae &#8211; FERROUS MEDIA<\/h3>\n<h4>Principle of the flow controller: Magnavalve\u00ae &#8211; Ferrous Media<\/h4>\n<p>The MagnaValve\u00ae flow controller uses a magnetic system to control the media flow. This helps to prevent the premature wear of the equipment. Moreover, the MagnaValve\u00ae automatically stops the projection of media in case of power failure, which ensures the quality of the shot peening process.<\/p>\n<p>Using the MagnaValve\u00ae flow controller, achieve a constant media projection rate for more reliable and repeatable surface treatments. Its recording program means it is possible to memorise your specific data for your next applications.[\/vc_column_text][\/vc_column_inner][vc_column_inner width=&#8221;1\/3&#8243; css=&#8221;.vc_custom_1542200669602{background-color: #ffffff !important;}&#8221;]<div class=\"ult-content-box-container \" >\t<a class=\"ult-content-box-anchor\" href=\"http:\/\/sonats-et.com\/telechargements\/\" title=\"T\u00e9l\u00e9chargez nos brochures sur les Maganvalve pour m\u00e9dias ferreux et non ferreux\" >\t\t<div class=\"ult-content-box\" style=\"background-color:#f2f2f2;box-shadow: px px px px none;padding:25px;margin:25px;-webkit-transition: all 700ms ease;-moz-transition: all 700ms ease;-ms-transition: all 700ms ease;-o-transition: all 700ms ease;transition: all 700ms ease;\"  data-hover_bg_color=\"#f9f9f9\"  data-hover_box_shadow=\"none\"    data-normal_margins=\"margin:25px;\"   data-bg=\"#f2f2f2\" >[vc_icon icon_fontawesome=&#8221;fa fa-download&#8221; color=&#8221;custom&#8221; background_style=&#8221;rounded-outline&#8221; background_color=&#8221;custom&#8221; size=&#8221;xl&#8221; align=&#8221;center&#8221; custom_color=&#8221;#a21c26&#8243; custom_background_color=&#8221;#a21c26&#8243; link=&#8221;|||&#8221;][vc_column_text]Download our brochure the Magnavalve\u00ae for ferrous medias or non-ferrous medias.[\/vc_column_text]\t\t<\/div>\t<\/a><\/div>[\/vc_column_inner][\/vc_row_inner][\/vc_column][\/vc_row][vc_row][vc_column][vc_row_inner content_placement=&#8221;middle&#8221;][vc_column_inner width=&#8221;2\/3&#8243;][vc_column_text]<\/p>\n<h4><strong>The advantages of the Magnavalve\u00ae Flow Controller<\/strong><\/h4>\n<ul>\n<li>Eliminates maintenance costs: no media impact in the controller = no wear<\/li>\n<li>Savings via the efficient use of media and reduced storage<\/li>\n<li>Programmable control options to suit your application<\/li>\n<li>Eliminates the malfunction risk due to a lack of media during the peening operation<\/li>\n<li>Guarantees smooth peening\/sanding application<\/li>\n<li>Reduces labour time<\/li>\n<li>Available for different power supplies: 24 VDC and 120 VAC<\/li>\n<li>An environmentally conscious approach: reduced consumption of energy and media<\/li>\n<li>Proven technology &#8211; for 30 years<\/li>\n<\/ul>\n<p>[\/vc_column_text][\/vc_column_inner][vc_column_inner width=&#8221;1\/3&#8243;][vc_single_image image=&#8221;12857&#8243; img_size=&#8221;360*280&#8243; image_hover=&#8221;&#8221;][\/vc_column_inner][\/vc_row_inner][vc_separator][vc_row_inner content_placement=&#8221;middle&#8221;][vc_column_inner width=&#8221;2\/3&#8243;][vc_column_text]<\/p>\n<h3>MAGNAVALVE\u00ae 700-24 &#8211; NON-FERROUS MEDIA<\/h3>\n<h4><strong>Principle of the &#8211; Magnavale\u00ae &#8211; Non-ferrous media flow controller<\/strong><\/h4>\n<p>The Model 700-24 users an electromagnetically controlled valve for media flow control. When energised, an electromagnet opens the valve to allow the media to flow through the valve. After the passage of the piston, the media falls on a blade, causing it to bend proportionally to the media flow, thus providing a precise electrical signal also proportional to the flow. When the MagnaValve\u00ae is turned off, the valve returns to its closed position and stops the media flow.[\/vc_column_text][vc_column_text]The new MagnaValve\u00ae 700-24 has the same features as the rest of the MagnaValve\u00ae family:<\/p>\n<ul>\n<li>Easy to use and maintain thanks to its unique design<\/li>\n<li>Accurate repeatable flow<\/li>\n<li>Identical interface to other MagnaValve\u00ae machines<\/li>\n<li>Reduction of energy and media consumption<\/li>\n<li>Tested in the laboratory and proven in the field by many American manufacturers.<\/li>\n<\/ul>\n<p>The main difference lies in the media itself: the new valve is suitable for peening operations using ceramic, glass and plastic media on compressed air machines.[\/vc_column_text][\/vc_column_inner][vc_column_inner width=&#8221;1\/3&#8243;][vc_single_image image=&#8221;13630&#8243; img_size=&#8221;360*280&#8243; image_hover=&#8221;&#8221;][\/vc_column_inner][\/vc_row_inner][vc_empty_space][\/vc_column][\/vc_row]<\/p>\n<\/div>","protected":false},"excerpt":{"rendered":"<p>[vc_row][vc_column][vc_column_text] Control the media flow with the MagnaValve\u00ae! [\/vc_column_text][\/vc_column][\/vc_row][vc_row][vc_column][vc_row_inner equal_height=&#8221;yes&#8221; content_placement=&#8221;middle&#8221;][vc_column_inner width=&#8221;2\/3&#8243;][vc_column_text] MAGNAVALVE\u00ae &#8211; FERROUS MEDIA Principle of the flow controller: Magnavalve\u00ae &#8211; Ferrous Media The MagnaValve\u00ae flow controller uses&hellip;<\/p>\n","protected":false},"author":1,"featured_media":0,"parent":14452,"menu_order":0,"comment_status":"closed","ping_status":"closed","template":"","meta":{"_acf_changed":false,"footnotes":""},"class_list":["post-14461","page","type-page","status-publish","hentry"],"acf":[],"yoast_head":"<title>Magnavalves\u00ae - Contr\u00f4leurs de d\u00e9bit des m\u00e9dias \u2502 SONATS<\/title>\n<meta name=\"description\" content=\"SONATS, distributeur de Electronics Inc, propose des Magnvalves\u00ae pour contr\u00f4ler le d\u00e9bit des m\u00e9dias ferreux et non-ferreux (c\u00e9ramique, verre et plastique).\" \/>\n<meta name=\"robots\" content=\"index, follow, max-snippet:-1, max-image-preview:large, max-video-preview:-1\" \/>\n<link rel=\"canonical\" href=\"https:\/\/sonats-et.com\/en\/shot-peening\/shot-peening-accessories\/controleur-de-debit-magnavalve\/\" \/>\n<meta property=\"og:locale\" content=\"en_US\" \/>\n<meta property=\"og:type\" content=\"article\" \/>\n<meta property=\"og:title\" content=\"Magnavalves\u00ae - Contr\u00f4leurs de d\u00e9bit des m\u00e9dias \u2502 SONATS\" \/>\n<meta property=\"og:description\" content=\"SONATS, distributeur de Electronics Inc, propose des Magnvalves\u00ae pour contr\u00f4ler le d\u00e9bit des m\u00e9dias ferreux et non-ferreux (c\u00e9ramique, verre et plastique).\" \/>\n<meta property=\"og:url\" content=\"https:\/\/sonats-et.com\/en\/shot-peening\/shot-peening-accessories\/controleur-de-debit-magnavalve\/\" \/>\n<meta property=\"og:site_name\" content=\"SONATS\" \/>\n<meta property=\"article:modified_time\" content=\"2019-01-14T17:14:30+00:00\" \/>\n<meta name=\"twitter:card\" content=\"summary_large_image\" \/>\n<meta name=\"twitter:site\" content=\"@EuropeTechno\" \/>\n<meta name=\"twitter:label1\" content=\"Est. reading time\" \/>\n\t<meta name=\"twitter:data1\" content=\"3 minutes\" \/>\n<script type=\"application\/ld+json\" class=\"yoast-schema-graph\">{\"@context\":\"https:\\\/\\\/schema.org\",\"@graph\":[{\"@type\":\"WebPage\",\"@id\":\"https:\\\/\\\/sonats-et.com\\\/en\\\/shot-peening\\\/shot-peening-accessories\\\/controleur-de-debit-magnavalve\\\/\",\"url\":\"https:\\\/\\\/sonats-et.com\\\/en\\\/shot-peening\\\/shot-peening-accessories\\\/controleur-de-debit-magnavalve\\\/\",\"name\":\"Magnavalves\u00ae - Contr\u00f4leurs de d\u00e9bit des m\u00e9dias \u2502 SONATS\",\"isPartOf\":{\"@id\":\"https:\\\/\\\/sonats-et.com\\\/#website\"},\"datePublished\":\"2017-11-08T15:27:53+00:00\",\"dateModified\":\"2019-01-14T17:14:30+00:00\",\"description\":\"SONATS, distributeur de Electronics Inc, propose des Magnvalves\u00ae pour contr\u00f4ler le d\u00e9bit des m\u00e9dias ferreux et non-ferreux (c\u00e9ramique, verre et plastique).\",\"breadcrumb\":{\"@id\":\"https:\\\/\\\/sonats-et.com\\\/en\\\/shot-peening\\\/shot-peening-accessories\\\/controleur-de-debit-magnavalve\\\/#breadcrumb\"},\"inLanguage\":\"en-US\",\"potentialAction\":[{\"@type\":\"ReadAction\",\"target\":[\"https:\\\/\\\/sonats-et.com\\\/en\\\/shot-peening\\\/shot-peening-accessories\\\/controleur-de-debit-magnavalve\\\/\"]}]},{\"@type\":\"BreadcrumbList\",\"@id\":\"https:\\\/\\\/sonats-et.com\\\/en\\\/shot-peening\\\/shot-peening-accessories\\\/controleur-de-debit-magnavalve\\\/#breadcrumb\",\"itemListElement\":[{\"@type\":\"ListItem\",\"position\":1,\"name\":\"Home\",\"item\":\"https:\\\/\\\/sonats-et.com\\\/en\\\/\"},{\"@type\":\"ListItem\",\"position\":2,\"name\":\"Shot peening\",\"item\":\"https:\\\/\\\/sonats-et.com\\\/en\\\/shot-peening\\\/\"},{\"@type\":\"ListItem\",\"position\":3,\"name\":\"Shot peening accessories\",\"item\":\"https:\\\/\\\/sonats-et.com\\\/en\\\/shot-peening\\\/shot-peening-accessories\\\/\"},{\"@type\":\"ListItem\",\"position\":4,\"name\":\"Magnavalves\u00ae\"}]},{\"@type\":\"WebSite\",\"@id\":\"https:\\\/\\\/sonats-et.com\\\/#website\",\"url\":\"https:\\\/\\\/sonats-et.com\\\/\",\"name\":\"SONATS\",\"description\":\"Grenaillage de pr\u00e9contrainte - SONATS - Shot peening et redressage ultrasons - contraintes r\u00e9siduelles\",\"potentialAction\":[{\"@type\":\"SearchAction\",\"target\":{\"@type\":\"EntryPoint\",\"urlTemplate\":\"https:\\\/\\\/sonats-et.com\\\/?s={search_term_string}\"},\"query-input\":{\"@type\":\"PropertyValueSpecification\",\"valueRequired\":true,\"valueName\":\"search_term_string\"}}],\"inLanguage\":\"en-US\"}]}<\/script>","yoast_head_json":{"title":"Magnavalves\u00ae - Contr\u00f4leurs de d\u00e9bit des m\u00e9dias \u2502 SONATS","description":"SONATS, distributeur de Electronics Inc, propose des Magnvalves\u00ae pour contr\u00f4ler le d\u00e9bit des m\u00e9dias ferreux et non-ferreux (c\u00e9ramique, verre et plastique).","robots":{"index":"index","follow":"follow","max-snippet":"max-snippet:-1","max-image-preview":"max-image-preview:large","max-video-preview":"max-video-preview:-1"},"canonical":"https:\/\/sonats-et.com\/en\/shot-peening\/shot-peening-accessories\/controleur-de-debit-magnavalve\/","og_locale":"en_US","og_type":"article","og_title":"Magnavalves\u00ae - Contr\u00f4leurs de d\u00e9bit des m\u00e9dias \u2502 SONATS","og_description":"SONATS, distributeur de Electronics Inc, propose des Magnvalves\u00ae pour contr\u00f4ler le d\u00e9bit des m\u00e9dias ferreux et non-ferreux (c\u00e9ramique, verre et plastique).","og_url":"https:\/\/sonats-et.com\/en\/shot-peening\/shot-peening-accessories\/controleur-de-debit-magnavalve\/","og_site_name":"SONATS","article_modified_time":"2019-01-14T17:14:30+00:00","twitter_card":"summary_large_image","twitter_site":"@EuropeTechno","twitter_misc":{"Est. reading time":"3 minutes"},"schema":{"@context":"https:\/\/schema.org","@graph":[{"@type":"WebPage","@id":"https:\/\/sonats-et.com\/en\/shot-peening\/shot-peening-accessories\/controleur-de-debit-magnavalve\/","url":"https:\/\/sonats-et.com\/en\/shot-peening\/shot-peening-accessories\/controleur-de-debit-magnavalve\/","name":"Magnavalves\u00ae - Contr\u00f4leurs de d\u00e9bit des m\u00e9dias \u2502 SONATS","isPartOf":{"@id":"https:\/\/sonats-et.com\/#website"},"datePublished":"2017-11-08T15:27:53+00:00","dateModified":"2019-01-14T17:14:30+00:00","description":"SONATS, distributeur de Electronics Inc, propose des Magnvalves\u00ae pour contr\u00f4ler le d\u00e9bit des m\u00e9dias ferreux et non-ferreux (c\u00e9ramique, verre et plastique).","breadcrumb":{"@id":"https:\/\/sonats-et.com\/en\/shot-peening\/shot-peening-accessories\/controleur-de-debit-magnavalve\/#breadcrumb"},"inLanguage":"en-US","potentialAction":[{"@type":"ReadAction","target":["https:\/\/sonats-et.com\/en\/shot-peening\/shot-peening-accessories\/controleur-de-debit-magnavalve\/"]}]},{"@type":"BreadcrumbList","@id":"https:\/\/sonats-et.com\/en\/shot-peening\/shot-peening-accessories\/controleur-de-debit-magnavalve\/#breadcrumb","itemListElement":[{"@type":"ListItem","position":1,"name":"Home","item":"https:\/\/sonats-et.com\/en\/"},{"@type":"ListItem","position":2,"name":"Shot peening","item":"https:\/\/sonats-et.com\/en\/shot-peening\/"},{"@type":"ListItem","position":3,"name":"Shot peening accessories","item":"https:\/\/sonats-et.com\/en\/shot-peening\/shot-peening-accessories\/"},{"@type":"ListItem","position":4,"name":"Magnavalves\u00ae"}]},{"@type":"WebSite","@id":"https:\/\/sonats-et.com\/#website","url":"https:\/\/sonats-et.com\/","name":"SONATS","description":"Grenaillage de pr\u00e9contrainte - SONATS - Shot peening et redressage ultrasons - contraintes r\u00e9siduelles","potentialAction":[{"@type":"SearchAction","target":{"@type":"EntryPoint","urlTemplate":"https:\/\/sonats-et.com\/?s={search_term_string}"},"query-input":{"@type":"PropertyValueSpecification","valueRequired":true,"valueName":"search_term_string"}}],"inLanguage":"en-US"}]}},"_links":{"self":[{"href":"https:\/\/sonats-et.com\/en\/wp-json\/wp\/v2\/pages\/14461","targetHints":{"allow":["GET"]}}],"collection":[{"href":"https:\/\/sonats-et.com\/en\/wp-json\/wp\/v2\/pages"}],"about":[{"href":"https:\/\/sonats-et.com\/en\/wp-json\/wp\/v2\/types\/page"}],"author":[{"embeddable":true,"href":"https:\/\/sonats-et.com\/en\/wp-json\/wp\/v2\/users\/1"}],"replies":[{"embeddable":true,"href":"https:\/\/sonats-et.com\/en\/wp-json\/wp\/v2\/comments?post=14461"}],"version-history":[{"count":3,"href":"https:\/\/sonats-et.com\/en\/wp-json\/wp\/v2\/pages\/14461\/revisions"}],"predecessor-version":[{"id":14973,"href":"https:\/\/sonats-et.com\/en\/wp-json\/wp\/v2\/pages\/14461\/revisions\/14973"}],"up":[{"embeddable":true,"href":"https:\/\/sonats-et.com\/en\/wp-json\/wp\/v2\/pages\/14452"}],"wp:attachment":[{"href":"https:\/\/sonats-et.com\/en\/wp-json\/wp\/v2\/media?parent=14461"}],"curies":[{"name":"wp","href":"https:\/\/api.w.org\/{rel}","templated":true}]}}