{"id":14469,"date":"2017-11-08T16:28:36","date_gmt":"2017-11-08T15:28:36","guid":{"rendered":"https:\/\/sonats-et.com\/grenaillage\/accessoires-de-grenaillage\/eprouvettes-almen\/"},"modified":"2019-01-14T18:32:04","modified_gmt":"2019-01-14T17:32:04","slug":"eprouvettes-almen","status":"publish","type":"page","link":"https:\/\/sonats-et.com\/en\/shot-peening\/shot-peening-accessories\/eprouvettes-almen\/","title":{"rendered":"ALMEN specimens"},"content":{"rendered":"<div class=\"wpb-content-wrapper\"><p>[vc_row][vc_column][vc_row_inner equal_height=&#8221;yes&#8221; content_placement=&#8221;middle&#8221;][vc_column_inner width=&#8221;2\/3&#8243;][vc_column_text]<\/p>\n<h2>ALMEN specimens &#8211; Shot peening intensity testing<\/h2>\n<p>ALMEN ELECTRONICS INC strips are used to quantify the ALMEN arc, an indicator of shot blast intensity. These strips are among the best on the market:<\/p>\n<ul>\n<li>Pre-qualified<\/li>\n<li>Ready to use<\/li>\n<li>Approved worldwide in the aerospace, automotive, medical, and other industries.<\/li>\n<li>Meet the applicable standards<\/li>\n<li>Reliable and repeatable performance<\/li>\n<\/ul>\n<p>We supply ALMEN specimens for all types of specifications, from the MIL* standard to aeronautical requirements. <strong>Types \u201cA\u201d, \u201cN\u201d and \u201cC\u201d, grades 3, 2, 1, and 1-S.<\/strong><\/p>\n<p><em>*American Military Standard<\/em>[\/vc_column_text][\/vc_column_inner][vc_column_inner width=&#8221;1\/3&#8243; css=&#8221;.vc_custom_1542201224204{background-color: #ffffff !important;}&#8221;]<div class=\"ult-content-box-container \" >\t<a class=\"ult-content-box-anchor\" href=\"http:\/\/sonats-et.com\/telechargements\/\" title=\"T\u00e9l\u00e9chargez notre brochure sur les \u00e9prouvettes ALMEN\" >\t\t<div class=\"ult-content-box\" style=\"background-color:#f2f2f2;box-shadow: px px px px none;padding:25px;margin:25px;-webkit-transition: all 700ms ease;-moz-transition: all 700ms ease;-ms-transition: all 700ms ease;-o-transition: all 700ms ease;transition: all 700ms ease;\"  data-hover_bg_color=\"#f9f9f9\"  data-hover_box_shadow=\"none\"    data-normal_margins=\"margin:25px;\"   data-bg=\"#f2f2f2\" >[vc_icon icon_fontawesome=&#8221;fa fa-download&#8221; color=&#8221;custom&#8221; background_style=&#8221;rounded-outline&#8221; background_color=&#8221;custom&#8221; size=&#8221;xl&#8221; align=&#8221;center&#8221; custom_color=&#8221;#a21c26&#8243; custom_background_color=&#8221;#a21c26&#8243;][vc_column_text]Download our brochure on ALMEN specimens.[\/vc_column_text]\t\t<\/div>\t<\/a><\/div>[vc_single_image image=&#8221;12866&#8243; img_size=&#8221;260&#215;180&#8243; alignment=&#8221;center&#8221; onclick=&#8221;link_image&#8221; image_hover=&#8221;&#8221;][\/vc_column_inner][\/vc_row_inner][vc_empty_space][\/vc_column][\/vc_row]<\/p>\n<\/div>","protected":false},"excerpt":{"rendered":"<p>[vc_row][vc_column][vc_row_inner equal_height=&#8221;yes&#8221; content_placement=&#8221;middle&#8221;][vc_column_inner width=&#8221;2\/3&#8243;][vc_column_text] ALMEN specimens &#8211; Shot peening intensity testing ALMEN ELECTRONICS INC strips are used to quantify the ALMEN arc, an indicator of shot blast intensity. These strips&hellip;<\/p>\n","protected":false},"author":1,"featured_media":0,"parent":14452,"menu_order":0,"comment_status":"closed","ping_status":"closed","template":"","meta":{"_acf_changed":false,"footnotes":""},"class_list":["post-14469","page","type-page","status-publish","hentry"],"acf":[],"yoast_head":"<title>\u00c9prouvettes ALMEN - Intensit\u00e9 de grenaillage \u2502SONATS<\/title>\n<meta name=\"description\" content=\"Les \u00e9prouvettes ALMEN permettent de mesurer la fl\u00e8che ALMEN, indicateur de l&#039;intensit\u00e9 de grenaillage. Elles correspondent \u00e0 tout type de sp\u00e9cifications.\" \/>\n<meta name=\"robots\" content=\"index, follow, max-snippet:-1, max-image-preview:large, max-video-preview:-1\" \/>\n<link rel=\"canonical\" href=\"https:\/\/sonats-et.com\/en\/shot-peening\/shot-peening-accessories\/eprouvettes-almen\/\" \/>\n<meta property=\"og:locale\" content=\"en_US\" \/>\n<meta property=\"og:type\" content=\"article\" \/>\n<meta property=\"og:title\" content=\"\u00c9prouvettes ALMEN - Intensit\u00e9 de grenaillage \u2502SONATS\" \/>\n<meta property=\"og:description\" content=\"Les \u00e9prouvettes ALMEN permettent de mesurer la fl\u00e8che ALMEN, indicateur de l&#039;intensit\u00e9 de grenaillage. Elles correspondent \u00e0 tout type de sp\u00e9cifications.\" \/>\n<meta property=\"og:url\" content=\"https:\/\/sonats-et.com\/en\/shot-peening\/shot-peening-accessories\/eprouvettes-almen\/\" \/>\n<meta property=\"og:site_name\" content=\"SONATS\" \/>\n<meta property=\"article:modified_time\" content=\"2019-01-14T17:32:04+00:00\" \/>\n<meta name=\"twitter:card\" content=\"summary_large_image\" \/>\n<meta name=\"twitter:site\" content=\"@EuropeTechno\" \/>\n<meta name=\"twitter:label1\" content=\"Est. reading time\" \/>\n\t<meta name=\"twitter:data1\" content=\"1 minute\" \/>\n<script type=\"application\/ld+json\" class=\"yoast-schema-graph\">{\"@context\":\"https:\\\/\\\/schema.org\",\"@graph\":[{\"@type\":\"WebPage\",\"@id\":\"https:\\\/\\\/sonats-et.com\\\/en\\\/shot-peening\\\/shot-peening-accessories\\\/eprouvettes-almen\\\/\",\"url\":\"https:\\\/\\\/sonats-et.com\\\/en\\\/shot-peening\\\/shot-peening-accessories\\\/eprouvettes-almen\\\/\",\"name\":\"\u00c9prouvettes ALMEN - Intensit\u00e9 de grenaillage \u2502SONATS\",\"isPartOf\":{\"@id\":\"https:\\\/\\\/sonats-et.com\\\/#website\"},\"datePublished\":\"2017-11-08T15:28:36+00:00\",\"dateModified\":\"2019-01-14T17:32:04+00:00\",\"description\":\"Les \u00e9prouvettes ALMEN permettent de mesurer la fl\u00e8che ALMEN, indicateur de l'intensit\u00e9 de grenaillage. Elles correspondent \u00e0 tout type de sp\u00e9cifications.\",\"breadcrumb\":{\"@id\":\"https:\\\/\\\/sonats-et.com\\\/en\\\/shot-peening\\\/shot-peening-accessories\\\/eprouvettes-almen\\\/#breadcrumb\"},\"inLanguage\":\"en-US\",\"potentialAction\":[{\"@type\":\"ReadAction\",\"target\":[\"https:\\\/\\\/sonats-et.com\\\/en\\\/shot-peening\\\/shot-peening-accessories\\\/eprouvettes-almen\\\/\"]}]},{\"@type\":\"BreadcrumbList\",\"@id\":\"https:\\\/\\\/sonats-et.com\\\/en\\\/shot-peening\\\/shot-peening-accessories\\\/eprouvettes-almen\\\/#breadcrumb\",\"itemListElement\":[{\"@type\":\"ListItem\",\"position\":1,\"name\":\"Home\",\"item\":\"https:\\\/\\\/sonats-et.com\\\/en\\\/\"},{\"@type\":\"ListItem\",\"position\":2,\"name\":\"Shot peening\",\"item\":\"https:\\\/\\\/sonats-et.com\\\/en\\\/shot-peening\\\/\"},{\"@type\":\"ListItem\",\"position\":3,\"name\":\"Shot peening accessories\",\"item\":\"https:\\\/\\\/sonats-et.com\\\/en\\\/shot-peening\\\/shot-peening-accessories\\\/\"},{\"@type\":\"ListItem\",\"position\":4,\"name\":\"ALMEN specimens\"}]},{\"@type\":\"WebSite\",\"@id\":\"https:\\\/\\\/sonats-et.com\\\/#website\",\"url\":\"https:\\\/\\\/sonats-et.com\\\/\",\"name\":\"SONATS\",\"description\":\"Grenaillage de pr\u00e9contrainte - SONATS - Shot peening et redressage ultrasons - contraintes r\u00e9siduelles\",\"potentialAction\":[{\"@type\":\"SearchAction\",\"target\":{\"@type\":\"EntryPoint\",\"urlTemplate\":\"https:\\\/\\\/sonats-et.com\\\/?s={search_term_string}\"},\"query-input\":{\"@type\":\"PropertyValueSpecification\",\"valueRequired\":true,\"valueName\":\"search_term_string\"}}],\"inLanguage\":\"en-US\"}]}<\/script>","yoast_head_json":{"title":"\u00c9prouvettes ALMEN - Intensit\u00e9 de grenaillage \u2502SONATS","description":"Les \u00e9prouvettes ALMEN permettent de mesurer la fl\u00e8che ALMEN, indicateur de l'intensit\u00e9 de grenaillage. Elles correspondent \u00e0 tout type de sp\u00e9cifications.","robots":{"index":"index","follow":"follow","max-snippet":"max-snippet:-1","max-image-preview":"max-image-preview:large","max-video-preview":"max-video-preview:-1"},"canonical":"https:\/\/sonats-et.com\/en\/shot-peening\/shot-peening-accessories\/eprouvettes-almen\/","og_locale":"en_US","og_type":"article","og_title":"\u00c9prouvettes ALMEN - Intensit\u00e9 de grenaillage \u2502SONATS","og_description":"Les \u00e9prouvettes ALMEN permettent de mesurer la fl\u00e8che ALMEN, indicateur de l'intensit\u00e9 de grenaillage. Elles correspondent \u00e0 tout type de sp\u00e9cifications.","og_url":"https:\/\/sonats-et.com\/en\/shot-peening\/shot-peening-accessories\/eprouvettes-almen\/","og_site_name":"SONATS","article_modified_time":"2019-01-14T17:32:04+00:00","twitter_card":"summary_large_image","twitter_site":"@EuropeTechno","twitter_misc":{"Est. reading time":"1 minute"},"schema":{"@context":"https:\/\/schema.org","@graph":[{"@type":"WebPage","@id":"https:\/\/sonats-et.com\/en\/shot-peening\/shot-peening-accessories\/eprouvettes-almen\/","url":"https:\/\/sonats-et.com\/en\/shot-peening\/shot-peening-accessories\/eprouvettes-almen\/","name":"\u00c9prouvettes ALMEN - Intensit\u00e9 de grenaillage \u2502SONATS","isPartOf":{"@id":"https:\/\/sonats-et.com\/#website"},"datePublished":"2017-11-08T15:28:36+00:00","dateModified":"2019-01-14T17:32:04+00:00","description":"Les \u00e9prouvettes ALMEN permettent de mesurer la fl\u00e8che ALMEN, indicateur de l'intensit\u00e9 de grenaillage. Elles correspondent \u00e0 tout type de sp\u00e9cifications.","breadcrumb":{"@id":"https:\/\/sonats-et.com\/en\/shot-peening\/shot-peening-accessories\/eprouvettes-almen\/#breadcrumb"},"inLanguage":"en-US","potentialAction":[{"@type":"ReadAction","target":["https:\/\/sonats-et.com\/en\/shot-peening\/shot-peening-accessories\/eprouvettes-almen\/"]}]},{"@type":"BreadcrumbList","@id":"https:\/\/sonats-et.com\/en\/shot-peening\/shot-peening-accessories\/eprouvettes-almen\/#breadcrumb","itemListElement":[{"@type":"ListItem","position":1,"name":"Home","item":"https:\/\/sonats-et.com\/en\/"},{"@type":"ListItem","position":2,"name":"Shot peening","item":"https:\/\/sonats-et.com\/en\/shot-peening\/"},{"@type":"ListItem","position":3,"name":"Shot peening accessories","item":"https:\/\/sonats-et.com\/en\/shot-peening\/shot-peening-accessories\/"},{"@type":"ListItem","position":4,"name":"ALMEN specimens"}]},{"@type":"WebSite","@id":"https:\/\/sonats-et.com\/#website","url":"https:\/\/sonats-et.com\/","name":"SONATS","description":"Grenaillage de pr\u00e9contrainte - SONATS - Shot peening et redressage ultrasons - contraintes r\u00e9siduelles","potentialAction":[{"@type":"SearchAction","target":{"@type":"EntryPoint","urlTemplate":"https:\/\/sonats-et.com\/?s={search_term_string}"},"query-input":{"@type":"PropertyValueSpecification","valueRequired":true,"valueName":"search_term_string"}}],"inLanguage":"en-US"}]}},"_links":{"self":[{"href":"https:\/\/sonats-et.com\/en\/wp-json\/wp\/v2\/pages\/14469","targetHints":{"allow":["GET"]}}],"collection":[{"href":"https:\/\/sonats-et.com\/en\/wp-json\/wp\/v2\/pages"}],"about":[{"href":"https:\/\/sonats-et.com\/en\/wp-json\/wp\/v2\/types\/page"}],"author":[{"embeddable":true,"href":"https:\/\/sonats-et.com\/en\/wp-json\/wp\/v2\/users\/1"}],"replies":[{"embeddable":true,"href":"https:\/\/sonats-et.com\/en\/wp-json\/wp\/v2\/comments?post=14469"}],"version-history":[{"count":3,"href":"https:\/\/sonats-et.com\/en\/wp-json\/wp\/v2\/pages\/14469\/revisions"}],"predecessor-version":[{"id":14979,"href":"https:\/\/sonats-et.com\/en\/wp-json\/wp\/v2\/pages\/14469\/revisions\/14979"}],"up":[{"embeddable":true,"href":"https:\/\/sonats-et.com\/en\/wp-json\/wp\/v2\/pages\/14452"}],"wp:attachment":[{"href":"https:\/\/sonats-et.com\/en\/wp-json\/wp\/v2\/media?parent=14469"}],"curies":[{"name":"wp","href":"https:\/\/api.w.org\/{rel}","templated":true}]}}