{"id":14470,"date":"2017-11-08T16:28:55","date_gmt":"2017-11-08T15:28:55","guid":{"rendered":"https:\/\/sonats-et.com\/grenaillage\/accessoires-de-grenaillage\/comparateurs-almen-intensite\/"},"modified":"2019-01-14T18:29:24","modified_gmt":"2019-01-14T17:29:24","slug":"comparateurs-almen-intensite","status":"publish","type":"page","link":"https:\/\/sonats-et.com\/en\/shot-peening\/shot-peening-accessories\/comparateurs-almen-intensite\/","title":{"rendered":"ALMEN gauges"},"content":{"rendered":"<div class=\"wpb-content-wrapper\"><p>[vc_row][vc_column][vc_row_inner equal_height=&#8221;yes&#8221; content_placement=&#8221;middle&#8221;][vc_column_inner width=&#8221;2\/3&#8243;][vc_column_text]<\/p>\n<h2>Almen ADVANCED gauges<\/h2>\n<p>ALMEN gauges measure the ALMEN arc following shot peening. This arc is a measurement of shot peening intensity.<\/p>\n<p>We provide different types of ALMEN gauges to fulfil your requirements.[\/vc_column_text][\/vc_column_inner][vc_column_inner width=&#8221;1\/3&#8243; css=&#8221;.vc_custom_1542201540017{background-color: #ffffff !important;}&#8221;]<div class=\"ult-content-box-container \" >\t<a class=\"ult-content-box-anchor\" href=\"http:\/\/sonats-et.com\/telechargements\/\" title=\"T\u00e9l\u00e9chargez la brochure sur le comparateur ALMEN &quot;advanced&quot;\" >\t\t<div class=\"ult-content-box\" style=\"background-color:#f2f2f2;box-shadow: px px px px none;padding:25px;margin:25px;-webkit-transition: all 700ms ease;-moz-transition: all 700ms ease;-ms-transition: all 700ms ease;-o-transition: all 700ms ease;transition: all 700ms ease;\"  data-hover_bg_color=\"#f9f9f9\"  data-hover_box_shadow=\"none\"    data-normal_margins=\"margin:25px;\"   data-bg=\"#f2f2f2\" >[vc_icon icon_fontawesome=&#8221;fa fa-download&#8221; color=&#8221;custom&#8221; background_style=&#8221;rounded-outline&#8221; background_color=&#8221;custom&#8221; size=&#8221;xl&#8221; align=&#8221;center&#8221; custom_color=&#8221;#a21c26&#8243; custom_background_color=&#8221;#a21c26&#8243;][vc_column_text]Download our brochure the ALMEN gauge &#8220;advanced&#8221;.[\/vc_column_text]\t\t<\/div>\t<\/a><\/div>[\/vc_column_inner][\/vc_row_inner][vc_row_inner content_placement=&#8221;middle&#8221;][vc_column_inner width=&#8221;1\/2&#8243;][vc_column_text]<\/p>\n<h3>#2 ALMEN GAUGE ADVANCED<\/h3>\n<p><strong>The highest quality ALMEN gauge on the market.<\/strong><\/p>\n<p>This gauge has all the features necessary to meet even the most stringent specifications:<\/p>\n<ul>\n<li>Digital display for easy reading<\/li>\n<li>A patented magnetic attachment with a reliable and repeatable placement system.<\/li>\n<li>0001mm resolution<\/li>\n<li>SPC Port<\/li>\n<li>Computer interface accessory<\/li>\n<li>1 year warranty<\/li>\n<li>J442 calibration certificate included<\/li>\n<li>Qualified for SAE AMS2432C, AMS 2430 and Boeing BAC5730N<\/li>\n<li>Qualified also for SAE AMS 2430 which requires the use of end stops<\/li>\n<\/ul>\n<p>[\/vc_column_text][\/vc_column_inner][vc_column_inner width=&#8221;1\/2&#8243;][vc_single_image image=&#8221;12863&#8243; img_size=&#8221;585&#215;520&#8243; image_hover=&#8221;&#8221;][\/vc_column_inner][\/vc_row_inner][vc_row_inner content_placement=&#8221;middle&#8221;][vc_column_inner width=&#8221;1\/2&#8243;][vc_column_text]<\/p>\n<h3>#2 ALMEN GAUGE JUNIOR<\/h3>\n<p>The small and light ALMEN gauge. The ALMEN Gage Jr. dial gauge has a 3\/4\u201d dial, and graduations of 0.0005, for easy and precise reading of the ALMEN Gauge Jr. arc. The ALMEN Gauge Jr. The JUNIOR features:<\/p>\n<ul>\n<li>A precision tool<\/li>\n<li>High quality surface coating for durability<\/li>\n<li>Patented magnetic grip<\/li>\n<li>Stem-mounted Indicator<\/li>\n<li>MIL-S-13165 compliant<\/li>\n<\/ul>\n<p>[\/vc_column_text][vc_column_text]<em>Note: The Almen Gauge Jr. cannot qualify for SAE J 442 since it does not have a digital indicator with 0.0001\u2033 resolution Moreover, it does not qualify to AMS 2430 because it does not have end stops<\/em>[\/vc_column_text][\/vc_column_inner][vc_column_inner width=&#8221;1\/2&#8243;][vc_single_image image=&#8221;13523&#8243; img_size=&#8221;585&#215;520&#8243;][\/vc_column_inner][\/vc_row_inner][vc_column_text]<\/p>\n<h3>GAUGE HOLDER FOR CHECKING ALMEN STRIP FLATNESS<\/h3>\n<p>This simple two parts accessory allows to check the flatness of an ALMEN strip in all directions.<\/p>\n<p>The dial is graduated at intervals of 0.0005mm and is used to check compliance with SAE J 442 flatness standards. The threaded bores of the support allow to check the location of the screws of the ALMEN holder as required by the NADCAP criteria.[\/vc_column_text][vc_btn title=&#8221;More information and details for download&#8221; style=&#8221;custom&#8221; custom_background=&#8221;#a21c26&#8243; custom_text=&#8221;#ffffff&#8221; shape=&#8221;square&#8221; size=&#8221;lg&#8221; align=&#8221;center&#8221; i_icon_fontawesome=&#8221;fa fa-download&#8221; button_block=&#8221;true&#8221; add_icon=&#8221;true&#8221; link=&#8221;url:http%3A%2F%2Fsonats-et.com%2Ftelechargements%2F|||&#8221;][vc_empty_space][\/vc_column][\/vc_row]<\/p>\n<\/div>","protected":false},"excerpt":{"rendered":"<p>[vc_row][vc_column][vc_row_inner equal_height=&#8221;yes&#8221; content_placement=&#8221;middle&#8221;][vc_column_inner width=&#8221;2\/3&#8243;][vc_column_text] Almen ADVANCED gauges ALMEN gauges measure the ALMEN arc following shot peening. This arc is a measurement of shot peening intensity. We provide different types of&hellip;<\/p>\n","protected":false},"author":1,"featured_media":0,"parent":14452,"menu_order":0,"comment_status":"closed","ping_status":"closed","template":"","meta":{"_acf_changed":false,"footnotes":""},"class_list":["post-14470","page","type-page","status-publish","hentry"],"acf":[],"yoast_head":"<title>Comparateurs ALMEN - Mesure de l&#039;intensit\u00e9 de grenaillage \u2502 SONATS<\/title>\n<meta name=\"description\" content=\"Les comparateurs ALMEN permettent de mesurer au moyen d&#039;\u00e9prouvettes, la fl\u00e8che ALMEN, indicateur de l&#039;intensit\u00e9 de grenaillage.\" \/>\n<meta name=\"robots\" content=\"index, follow, max-snippet:-1, max-image-preview:large, max-video-preview:-1\" \/>\n<link rel=\"canonical\" href=\"https:\/\/sonats-et.com\/en\/shot-peening\/shot-peening-accessories\/comparateurs-almen-intensite\/\" \/>\n<meta property=\"og:locale\" content=\"en_US\" \/>\n<meta property=\"og:type\" content=\"article\" \/>\n<meta property=\"og:title\" content=\"Comparateurs ALMEN - Mesure de l&#039;intensit\u00e9 de grenaillage \u2502 SONATS\" \/>\n<meta property=\"og:description\" content=\"Les comparateurs ALMEN permettent de mesurer au moyen d&#039;\u00e9prouvettes, la fl\u00e8che ALMEN, indicateur de l&#039;intensit\u00e9 de grenaillage.\" \/>\n<meta property=\"og:url\" content=\"https:\/\/sonats-et.com\/en\/shot-peening\/shot-peening-accessories\/comparateurs-almen-intensite\/\" \/>\n<meta property=\"og:site_name\" content=\"SONATS\" \/>\n<meta property=\"article:modified_time\" content=\"2019-01-14T17:29:24+00:00\" \/>\n<meta name=\"twitter:card\" content=\"summary_large_image\" \/>\n<meta name=\"twitter:site\" content=\"@EuropeTechno\" \/>\n<meta name=\"twitter:label1\" content=\"Est. reading time\" \/>\n\t<meta name=\"twitter:data1\" content=\"3 minutes\" \/>\n<script type=\"application\/ld+json\" class=\"yoast-schema-graph\">{\"@context\":\"https:\\\/\\\/schema.org\",\"@graph\":[{\"@type\":\"WebPage\",\"@id\":\"https:\\\/\\\/sonats-et.com\\\/en\\\/shot-peening\\\/shot-peening-accessories\\\/comparateurs-almen-intensite\\\/\",\"url\":\"https:\\\/\\\/sonats-et.com\\\/en\\\/shot-peening\\\/shot-peening-accessories\\\/comparateurs-almen-intensite\\\/\",\"name\":\"Comparateurs ALMEN - Mesure de l'intensit\u00e9 de grenaillage \u2502 SONATS\",\"isPartOf\":{\"@id\":\"https:\\\/\\\/sonats-et.com\\\/#website\"},\"datePublished\":\"2017-11-08T15:28:55+00:00\",\"dateModified\":\"2019-01-14T17:29:24+00:00\",\"description\":\"Les comparateurs ALMEN permettent de mesurer au moyen d'\u00e9prouvettes, la fl\u00e8che ALMEN, indicateur de l'intensit\u00e9 de grenaillage.\",\"breadcrumb\":{\"@id\":\"https:\\\/\\\/sonats-et.com\\\/en\\\/shot-peening\\\/shot-peening-accessories\\\/comparateurs-almen-intensite\\\/#breadcrumb\"},\"inLanguage\":\"en-US\",\"potentialAction\":[{\"@type\":\"ReadAction\",\"target\":[\"https:\\\/\\\/sonats-et.com\\\/en\\\/shot-peening\\\/shot-peening-accessories\\\/comparateurs-almen-intensite\\\/\"]}]},{\"@type\":\"BreadcrumbList\",\"@id\":\"https:\\\/\\\/sonats-et.com\\\/en\\\/shot-peening\\\/shot-peening-accessories\\\/comparateurs-almen-intensite\\\/#breadcrumb\",\"itemListElement\":[{\"@type\":\"ListItem\",\"position\":1,\"name\":\"Home\",\"item\":\"https:\\\/\\\/sonats-et.com\\\/en\\\/\"},{\"@type\":\"ListItem\",\"position\":2,\"name\":\"Shot peening\",\"item\":\"https:\\\/\\\/sonats-et.com\\\/en\\\/shot-peening\\\/\"},{\"@type\":\"ListItem\",\"position\":3,\"name\":\"Shot peening accessories\",\"item\":\"https:\\\/\\\/sonats-et.com\\\/en\\\/shot-peening\\\/shot-peening-accessories\\\/\"},{\"@type\":\"ListItem\",\"position\":4,\"name\":\"ALMEN gauges\"}]},{\"@type\":\"WebSite\",\"@id\":\"https:\\\/\\\/sonats-et.com\\\/#website\",\"url\":\"https:\\\/\\\/sonats-et.com\\\/\",\"name\":\"SONATS\",\"description\":\"Grenaillage de pr\u00e9contrainte - SONATS - Shot peening et redressage ultrasons - contraintes r\u00e9siduelles\",\"potentialAction\":[{\"@type\":\"SearchAction\",\"target\":{\"@type\":\"EntryPoint\",\"urlTemplate\":\"https:\\\/\\\/sonats-et.com\\\/?s={search_term_string}\"},\"query-input\":{\"@type\":\"PropertyValueSpecification\",\"valueRequired\":true,\"valueName\":\"search_term_string\"}}],\"inLanguage\":\"en-US\"}]}<\/script>","yoast_head_json":{"title":"Comparateurs ALMEN - Mesure de l'intensit\u00e9 de grenaillage \u2502 SONATS","description":"Les comparateurs ALMEN permettent de mesurer au moyen d'\u00e9prouvettes, la fl\u00e8che ALMEN, indicateur de l'intensit\u00e9 de grenaillage.","robots":{"index":"index","follow":"follow","max-snippet":"max-snippet:-1","max-image-preview":"max-image-preview:large","max-video-preview":"max-video-preview:-1"},"canonical":"https:\/\/sonats-et.com\/en\/shot-peening\/shot-peening-accessories\/comparateurs-almen-intensite\/","og_locale":"en_US","og_type":"article","og_title":"Comparateurs ALMEN - Mesure de l'intensit\u00e9 de grenaillage \u2502 SONATS","og_description":"Les comparateurs ALMEN permettent de mesurer au moyen d'\u00e9prouvettes, la fl\u00e8che ALMEN, indicateur de l'intensit\u00e9 de grenaillage.","og_url":"https:\/\/sonats-et.com\/en\/shot-peening\/shot-peening-accessories\/comparateurs-almen-intensite\/","og_site_name":"SONATS","article_modified_time":"2019-01-14T17:29:24+00:00","twitter_card":"summary_large_image","twitter_site":"@EuropeTechno","twitter_misc":{"Est. reading time":"3 minutes"},"schema":{"@context":"https:\/\/schema.org","@graph":[{"@type":"WebPage","@id":"https:\/\/sonats-et.com\/en\/shot-peening\/shot-peening-accessories\/comparateurs-almen-intensite\/","url":"https:\/\/sonats-et.com\/en\/shot-peening\/shot-peening-accessories\/comparateurs-almen-intensite\/","name":"Comparateurs ALMEN - Mesure de l'intensit\u00e9 de grenaillage \u2502 SONATS","isPartOf":{"@id":"https:\/\/sonats-et.com\/#website"},"datePublished":"2017-11-08T15:28:55+00:00","dateModified":"2019-01-14T17:29:24+00:00","description":"Les comparateurs ALMEN permettent de mesurer au moyen d'\u00e9prouvettes, la fl\u00e8che ALMEN, indicateur de l'intensit\u00e9 de grenaillage.","breadcrumb":{"@id":"https:\/\/sonats-et.com\/en\/shot-peening\/shot-peening-accessories\/comparateurs-almen-intensite\/#breadcrumb"},"inLanguage":"en-US","potentialAction":[{"@type":"ReadAction","target":["https:\/\/sonats-et.com\/en\/shot-peening\/shot-peening-accessories\/comparateurs-almen-intensite\/"]}]},{"@type":"BreadcrumbList","@id":"https:\/\/sonats-et.com\/en\/shot-peening\/shot-peening-accessories\/comparateurs-almen-intensite\/#breadcrumb","itemListElement":[{"@type":"ListItem","position":1,"name":"Home","item":"https:\/\/sonats-et.com\/en\/"},{"@type":"ListItem","position":2,"name":"Shot peening","item":"https:\/\/sonats-et.com\/en\/shot-peening\/"},{"@type":"ListItem","position":3,"name":"Shot peening accessories","item":"https:\/\/sonats-et.com\/en\/shot-peening\/shot-peening-accessories\/"},{"@type":"ListItem","position":4,"name":"ALMEN gauges"}]},{"@type":"WebSite","@id":"https:\/\/sonats-et.com\/#website","url":"https:\/\/sonats-et.com\/","name":"SONATS","description":"Grenaillage de pr\u00e9contrainte - SONATS - Shot peening et redressage ultrasons - contraintes r\u00e9siduelles","potentialAction":[{"@type":"SearchAction","target":{"@type":"EntryPoint","urlTemplate":"https:\/\/sonats-et.com\/?s={search_term_string}"},"query-input":{"@type":"PropertyValueSpecification","valueRequired":true,"valueName":"search_term_string"}}],"inLanguage":"en-US"}]}},"_links":{"self":[{"href":"https:\/\/sonats-et.com\/en\/wp-json\/wp\/v2\/pages\/14470","targetHints":{"allow":["GET"]}}],"collection":[{"href":"https:\/\/sonats-et.com\/en\/wp-json\/wp\/v2\/pages"}],"about":[{"href":"https:\/\/sonats-et.com\/en\/wp-json\/wp\/v2\/types\/page"}],"author":[{"embeddable":true,"href":"https:\/\/sonats-et.com\/en\/wp-json\/wp\/v2\/users\/1"}],"replies":[{"embeddable":true,"href":"https:\/\/sonats-et.com\/en\/wp-json\/wp\/v2\/comments?post=14470"}],"version-history":[{"count":3,"href":"https:\/\/sonats-et.com\/en\/wp-json\/wp\/v2\/pages\/14470\/revisions"}],"predecessor-version":[{"id":14977,"href":"https:\/\/sonats-et.com\/en\/wp-json\/wp\/v2\/pages\/14470\/revisions\/14977"}],"up":[{"embeddable":true,"href":"https:\/\/sonats-et.com\/en\/wp-json\/wp\/v2\/pages\/14452"}],"wp:attachment":[{"href":"https:\/\/sonats-et.com\/en\/wp-json\/wp\/v2\/media?parent=14470"}],"curies":[{"name":"wp","href":"https:\/\/api.w.org\/{rel}","templated":true}]}}