{"id":14486,"date":"2017-11-08T16:25:09","date_gmt":"2017-11-08T15:25:09","guid":{"rendered":"https:\/\/sonats-et.com\/grenaillage\/equipement-portatif-de-grenaillage\/"},"modified":"2024-12-23T16:51:25","modified_gmt":"2024-12-23T15:51:25","slug":"shot-peening-equipment","status":"publish","type":"page","link":"https:\/\/sonats-et.com\/en\/shot-peening\/shot-peening-equipment\/","title":{"rendered":"Shot peening equipment"},"content":{"rendered":"<div class=\"wpb-content-wrapper\"><p>[vc_row][vc_column][vc_row_inner equal_height=&#8221;yes&#8221; content_placement=&#8221;top&#8221; gap=&#8221;35&#8243;][vc_column_inner width=&#8221;2\/3&#8243;][vc_column_text]<\/p>\n<h2>STRESSVOYAGER\u00ae USP* &#8211; Portable shot peening equipment<\/h2>\n<p>SONATS has developed a portable shot peening solution that goes beyond the limitations of conventional shot peening.<\/p>\n<p><span style=\"color: #cd5b1b;\"><strong>The STRESSVOYAGER\u00ae USP is a portable ultrasonic shot peening equipment equipped with STRESSONIC\u00ae process<\/strong><\/span>, that can be used for the<strong> treatment of metal parts in the workshop or at the customer site<\/strong> for preventive or corrective action to<strong> improve their reliability and fatigue resistance. <\/strong><\/p>\n<p>This technology is<strong> ISO 9001, EN 9100<\/strong> certified and follows the aeronautical recommendations <strong>BNAE NFL 06 833, SAE AMS 2580 and SAE AMS 2585.<\/strong>[\/vc_column_text][vc_column_text]<\/p>\n<h3>MAIN ADVANTAGES<\/h3>\n<p>The treatment is applied to simple or complex geometry metal parts without disassembly or with partial disassembly of the equipment. On-site treatment with this portable solution means:<\/p>\n<ul>\n<li>Significantly reduced downtime with localised action,<\/li>\n<li>Reduced maintenance costs (disassembly, assembly, shipping costs),<\/li>\n<li>Can be applied by your own team because it is simple to set-up and use.<\/li>\n<\/ul>\n<h3>SYSTEM SPECIFICATIONS<\/h3>\n<p>Because each ultrasonic shot peening treatment application is different, tools are custom designed and the control parameters defined by our services are specifically adapted to the work piece. These specifications are used to ensure a completely hermetic enclosure.<\/p>\n<p>Optional specific systems have been designed to ensure that no beads are lost before, during or after treatment.<\/p>\n<p><em>*Ultrasonic Shot Peening<\/em>[\/vc_column_text][\/vc_column_inner][vc_column_inner width=&#8221;1\/3&#8243; css=&#8221;.vc_custom_1553101943807{background-color: #ffffff !important;}&#8221;]<div class=\"ult-content-box-container downloadform\" >\t<a class=\"ult-content-box-anchor\" href=\"http:\/\/sonats-et.com\/en\/downloads\/\" title=\"Download our brochure for portable shot peening equipment\" >\t\t<div class=\"ult-content-box\" style=\"background-color:rgba(0,157,224,0.15);box-shadow: px px px px none;padding:25px;margin:15px;-webkit-transition: all 700ms ease;-moz-transition: all 700ms ease;-ms-transition: all 700ms ease;-o-transition: all 700ms ease;transition: all 700ms ease;\"  data-hover_bg_color=\"rgba(205,91,27,0.15)\"  data-hover_box_shadow=\"none\"    data-normal_margins=\"margin:15px;\"   data-bg=\"rgba(0,157,224,0.15)\" >[vc_single_image image=&#8221;18533&#8243; img_size=&#8221;150&#215;212&#8243; alignment=&#8221;center&#8221;][vc_column_text]<\/p>\n<p style=\"text-align: center;\"><span style=\"color: #2f3787;\"><strong>Download our flyer to know more more about the characteristics of the STRESSVOYAGER\u00ae USP &#8211; Shot peening equipment ultrasonically activated<\/strong><\/span><\/p>\n<p>[\/vc_column_text][vc_btn title=&#8221;Download&#8221; style=&#8221;custom&#8221; custom_background=&#8221;#cd5b1b&#8221; custom_text=&#8221;#ffffff&#8221; align=&#8221;center&#8221; i_icon_fontawesome=&#8221;fas fa-file-download&#8221; add_icon=&#8221;true&#8221; link=&#8221;url:https%3A%2F%2Fsonats-et.com%2Fen%2Fdownloads%2F|title:Download&#8221;]\t\t<\/div>\t<\/a><\/div>[vc_empty_space]<div id=\"modal-trg-txt-wrap-8713\" class=\"ult-modal-input-wrapper ult-adjust-bottom-margin    \" data-keypress-control=\"keypress-control-enable\" data-overlay-control=\"overlay-control-enable\"><img decoding=\"async\" tabindex=\"0\" src=\"https:\/\/sonats-et.com\/wp-content\/uploads\/sites\/3\/2017\/11\/USP-chariot.jpg\" alt=\"Syst\u00e8me portatif de grenaillage activ\u00e9 par ultrasons sur chariot\" data-class-id=\"content-69e340d6a363a6-70756462\" class=\"ult-modal-img overlay-show ult-align-center ult-modal-image-\" data-overlay-class=\"overlay-zoomin\"\/><\/div>\n<div class=\"ult-overlay content-69e340d6a363a6-70756462 \" data-class=\"content-69e340d6a363a6-70756462\" id=\"button-click-overlay\" style=\"background:rgba(10,10,10,0.8); display:none;\">\n\t<div class=\"ult_modal ult-fade ult-block\">\n\t\t<div id=\"ult-modal-wrap-8827\" class=\"ult_modal-content ult-hide\" style=\"border-style:solid;border-width:2px;border-radius:0px;border-color:#f4f4f4;\">\n\t\t\t<div  data-ultimate-target='#ult-modal-wrap-8827 .ult_modal-body'  data-responsive-json-new='{\"font-size\":\"\",\"line-height\":\"\"}'  class=\"ult_modal-body ult-responsive ult-html\" style=\"\">\n\t\t\t<\/p>\n<div id=\"attachment_13041\" style=\"width: 1034px\" class=\"wp-caption alignnone\"><img loading=\"lazy\" decoding=\"async\" aria-describedby=\"caption-attachment-13041\" class=\"wp-image-13041 size-large\" title=\"Syst\u00e8me portatif de grenaillage activ\u00e9 par ultrasons sur chariot\" src=\"https:\/\/sonats-et.com\/wp-content\/uploads\/sites\/2\/2017\/11\/USP-chariot-1024x709.jpg\" alt=\"Syst\u00e8me portatif de grenaillage activ\u00e9 par ultrasons sur chariot\" width=\"1024\" height=\"709\" srcset=\"https:\/\/sonats-et.com\/wp-content\/uploads\/sites\/3\/2017\/11\/USP-chariot-1024x709.jpg 1024w, https:\/\/sonats-et.com\/wp-content\/uploads\/sites\/3\/2017\/11\/USP-chariot-300x208.jpg 300w, https:\/\/sonats-et.com\/wp-content\/uploads\/sites\/3\/2017\/11\/USP-chariot-768x532.jpg 768w\" sizes=\"auto, (max-width: 1024px) 100vw, 1024px\" \/><p id=\"caption-attachment-13041\" class=\"wp-caption-text\">Syst\u00e8me portatif de grenaillage de pr\u00e9contrainte activ\u00e9 par ultrasons sur chariot mobile<\/p><\/div>\n<p>\n\t\t\t<\/div>\n\t<\/div>\n\t<\/div>\n\t<div class=\"ult-overlay-close top-right\" style=\" \"><div class=\"ult-overlay-close-inside\">Close<\/div><\/div>\n<\/div>[vc_column_text css=&#8221;.vc_custom_1681892766027{margin-right: 25px !important;margin-left: 25px !important;}&#8221;]<\/p>\n<p style=\"text-align: center;\"><span style=\"font-size: 0.9em;\">Portable ultrasonic shot peening equipment on mobile trolley<\/span><\/p>\n<p>[\/vc_column_text][\/vc_column_inner][\/vc_row_inner][vc_empty_space][\/vc_column][\/vc_row][vc_row bg_type=&#8221;bg_color&#8221; bg_override=&#8221;full&#8221; bg_color_value=&#8221;#f2f2f2&#8243;][vc_column][vc_empty_space height=&#8221;15px&#8221;][vc_row_inner gap=&#8221;15&#8243; css=&#8221;.vc_custom_1592918533116{margin-top: 30px !important;}&#8221;][vc_column_inner width=&#8221;2\/3&#8243;][vc_custom_heading text=&#8221;SONATS can also send our team to your site to carry out the shot peening treatment.&#8221; font_container=&#8221;tag:p|font_size:24|text_align:left|color:%23cd5b1b|line_height:1%2C2&#8243; google_fonts=&#8221;font_family:Source%20Sans%20Pro%3A200%2C200italic%2C300%2C300italic%2Cregular%2Citalic%2C600%2C600italic%2C700%2C700italic%2C900%2C900italic|font_style:600%20bold%20regular%3A600%3Anormal&#8221; link=&#8221;url:https%3A%2F%2Fsonats-et.com%2Fen%2Fshot-peening%2Fshot-peening-service%2F|title:Shot%20peening%20service|target:_blank&#8221;][\/vc_column_inner][vc_column_inner width=&#8221;1\/3&#8243;][vc_btn title=&#8221;Request a service&#8221; style=&#8221;custom&#8221; custom_background=&#8221;#cd5b1b&#8221; custom_text=&#8221;#ffffff&#8221; size=&#8221;lg&#8221; align=&#8221;center&#8221; i_icon_fontawesome=&#8221;fas fa-envelope&#8221; add_icon=&#8221;true&#8221; link=&#8221;url:https%3A%2F%2Fsonats-et.com%2Fen%2Fcontact%2F|title:Contact|target:_blank&#8221;][\/vc_column_inner][\/vc_row_inner][vc_empty_space height=&#8221;15px&#8221;][\/vc_column][\/vc_row][vc_row equal_height=&#8221;yes&#8221; el_class=&#8221;block-half-col&#8221;][vc_column][vc_empty_space height=&#8221;60px&#8221;][vc_column_text css=&#8221;.vc_custom_1592918789949{margin-top: 32px !important;}&#8221;]<\/p>\n<h2 style=\"text-align: center;\"><span lang=\"EN-GB\">Examples of applications of the portable ultrasonic shot peening equipment<\/span><\/h2>\n<p>[\/vc_column_text][vc_empty_space][vc_row_inner content_placement=&#8221;middle&#8221; el_class=&#8221;range-alternance&#8221;][vc_column_inner width=&#8221;1\/2&#8243;][vc_column_text]<\/p>\n<h3>HIGH ADDED VALUE PARTS REPAIR<\/h3>\n<p>Our technical solution provides the ability to re-establish the beneficial compressive residual stress to the surface of critical aircraft components (FAN Disk) without disturbing surrounding components in a field or depot environment rather than at the OEM\u2019s location.[\/vc_column_text][\/vc_column_inner][vc_column_inner width=&#8221;1\/2&#8243;][vc_single_image image=&#8221;13788&#8243; img_size=&#8221;585*520&#8243;][\/vc_column_inner][\/vc_row_inner][vc_row_inner content_placement=&#8221;middle&#8221; el_class=&#8221;range-alternance&#8221;][vc_column_inner width=&#8221;1\/2&#8243;][vc_single_image image=&#8221;13782&#8243; img_size=&#8221;585*520&#8243;][\/vc_column_inner][vc_column_inner width=&#8221;1\/2&#8243;][vc_column_text]<\/p>\n<h3>REPAIR OF SENSITIVE PARTS<\/h3>\n<p>STRESSONIC\u00ae technology provides the ability to restore the beneficial residual compressive stresses that were introduced to the surface of the part during original manufacturing. The portable equipment reduces aircraft downtime, supply and distribution requirements, decreases stock forecast, and increases flight readiness. Processing time reduces to 3 days instead of 1 month for standard shot peening operation.[\/vc_column_text][\/vc_column_inner][\/vc_row_inner][vc_row_inner content_placement=&#8221;middle&#8221; el_class=&#8221;range-alternance&#8221;][vc_column_inner width=&#8221;1\/2&#8243;][vc_column_text]<\/p>\n<h3>REPAIR OF HIGH PERFORMANCE PARTS &#8211; FORMULA 1<\/h3>\n<p>In 2018, a new regulation requires the Formula 1 teams to use only 3 engines per driver and per season (unlike in previous years). However, the design of existing engines is not adapted to these new requirements. So SONATS deployed portable equipment, the standard STRESSVOYAGER\u00ae USP on a circuit, for the corrective treatment of high-performance engine parts (crankcases, cylinder heads, etc.) to improve their fatigue strength.\u00a0Using a small peening chamber allows only the repaired area to be peened and precludes shot media from escaping into other areas of the work piece.[\/vc_column_text][\/vc_column_inner][vc_column_inner width=&#8221;1\/2&#8243;][vc_single_image image=&#8221;14087&#8243; img_size=&#8221;585*520&#8243; image_hover=&#8221;&#8221;][\/vc_column_inner][\/vc_row_inner][\/vc_column][\/vc_row][vc_row][vc_column][vc_btn title=&#8221;Download our dedicated brochures to know more about our STRESSVOYAGER\u00ae USP and our flexible shot peening bench&#8221; style=&#8221;custom&#8221; custom_background=&#8221;#cd5b1b&#8221; custom_text=&#8221;#ffffff&#8221; size=&#8221;lg&#8221; align=&#8221;center&#8221; i_icon_fontawesome=&#8221;fas fa-file-download&#8221; add_icon=&#8221;true&#8221; link=&#8221;url:https%3A%2F%2Fsonats-et.com%2Fen%2Fdownloads%2F|title:Download&#8221;][vc_empty_space][vc_empty_space][\/vc_column][\/vc_row]<\/p>\n<\/div>","protected":false},"excerpt":{"rendered":"<p>[vc_row][vc_column][vc_row_inner equal_height=&#8221;yes&#8221; content_placement=&#8221;top&#8221; gap=&#8221;35&#8243;][vc_column_inner width=&#8221;2\/3&#8243;][vc_column_text] STRESSVOYAGER\u00ae USP* &#8211; Portable shot peening equipment SONATS has developed a portable shot peening solution that goes beyond the limitations of conventional shot peening. The&hellip;<\/p>\n","protected":false},"author":1,"featured_media":13779,"parent":14448,"menu_order":0,"comment_status":"closed","ping_status":"closed","template":"","meta":{"_acf_changed":false,"footnotes":""},"class_list":["post-14486","page","type-page","status-publish","has-post-thumbnail","hentry"],"acf":[],"yoast_head":"<title>Portable shot peening equipment\u2502SONATS<\/title>\n<meta name=\"description\" content=\"SONATS provides portable and semi-mobile shot peening equipments for preventive and corrective treatment in workshops or on-site operations.\" \/>\n<meta name=\"robots\" content=\"index, follow, max-snippet:-1, max-image-preview:large, max-video-preview:-1\" \/>\n<link rel=\"canonical\" href=\"https:\/\/sonats-et.com\/en\/shot-peening\/shot-peening-equipment\/\" \/>\n<meta property=\"og:locale\" content=\"en_US\" \/>\n<meta property=\"og:type\" content=\"article\" \/>\n<meta property=\"og:title\" content=\"Portable shot peening equipment\u2502SONATS\" \/>\n<meta property=\"og:description\" content=\"SONATS provides portable and semi-mobile shot peening equipments for preventive and corrective treatment in workshops or on-site operations.\" \/>\n<meta property=\"og:url\" content=\"https:\/\/sonats-et.com\/en\/shot-peening\/shot-peening-equipment\/\" \/>\n<meta property=\"og:site_name\" content=\"SONATS\" \/>\n<meta property=\"article:modified_time\" content=\"2024-12-23T15:51:25+00:00\" \/>\n<meta property=\"og:image\" content=\"https:\/\/sonats-et.com\/wp-content\/uploads\/sites\/3\/2017\/11\/Sonats-in-situ-local-peening-3.jpg\" \/>\n\t<meta property=\"og:image:width\" content=\"1569\" \/>\n\t<meta property=\"og:image:height\" content=\"1231\" \/>\n\t<meta property=\"og:image:type\" content=\"image\/jpeg\" \/>\n<meta name=\"twitter:card\" content=\"summary_large_image\" \/>\n<meta name=\"twitter:site\" content=\"@EuropeTechno\" \/>\n<meta name=\"twitter:label1\" content=\"Est. reading time\" \/>\n\t<meta name=\"twitter:data1\" content=\"6 minutes\" \/>\n<script type=\"application\/ld+json\" class=\"yoast-schema-graph\">{\"@context\":\"https:\\\/\\\/schema.org\",\"@graph\":[{\"@type\":\"WebPage\",\"@id\":\"https:\\\/\\\/sonats-et.com\\\/en\\\/shot-peening\\\/shot-peening-equipment\\\/\",\"url\":\"https:\\\/\\\/sonats-et.com\\\/en\\\/shot-peening\\\/shot-peening-equipment\\\/\",\"name\":\"Portable shot peening equipment\u2502SONATS\",\"isPartOf\":{\"@id\":\"https:\\\/\\\/sonats-et.com\\\/#website\"},\"primaryImageOfPage\":{\"@id\":\"https:\\\/\\\/sonats-et.com\\\/en\\\/shot-peening\\\/shot-peening-equipment\\\/#primaryimage\"},\"image\":{\"@id\":\"https:\\\/\\\/sonats-et.com\\\/en\\\/shot-peening\\\/shot-peening-equipment\\\/#primaryimage\"},\"thumbnailUrl\":\"https:\\\/\\\/sonats-et.com\\\/wp-content\\\/uploads\\\/sites\\\/3\\\/2017\\\/11\\\/Sonats-in-situ-local-peening-3.jpg\",\"datePublished\":\"2017-11-08T15:25:09+00:00\",\"dateModified\":\"2024-12-23T15:51:25+00:00\",\"description\":\"SONATS provides portable and semi-mobile shot peening equipments for preventive and corrective treatment in workshops or on-site operations.\",\"breadcrumb\":{\"@id\":\"https:\\\/\\\/sonats-et.com\\\/en\\\/shot-peening\\\/shot-peening-equipment\\\/#breadcrumb\"},\"inLanguage\":\"en-US\",\"potentialAction\":[{\"@type\":\"ReadAction\",\"target\":[\"https:\\\/\\\/sonats-et.com\\\/en\\\/shot-peening\\\/shot-peening-equipment\\\/\"]}]},{\"@type\":\"ImageObject\",\"inLanguage\":\"en-US\",\"@id\":\"https:\\\/\\\/sonats-et.com\\\/en\\\/shot-peening\\\/shot-peening-equipment\\\/#primaryimage\",\"url\":\"https:\\\/\\\/sonats-et.com\\\/wp-content\\\/uploads\\\/sites\\\/3\\\/2017\\\/11\\\/Sonats-in-situ-local-peening-3.jpg\",\"contentUrl\":\"https:\\\/\\\/sonats-et.com\\\/wp-content\\\/uploads\\\/sites\\\/3\\\/2017\\\/11\\\/Sonats-in-situ-local-peening-3.jpg\",\"width\":1569,\"height\":1231,\"caption\":\"Ex-situ Subcontract shot peening - SONATS\"},{\"@type\":\"BreadcrumbList\",\"@id\":\"https:\\\/\\\/sonats-et.com\\\/en\\\/shot-peening\\\/shot-peening-equipment\\\/#breadcrumb\",\"itemListElement\":[{\"@type\":\"ListItem\",\"position\":1,\"name\":\"Home\",\"item\":\"https:\\\/\\\/sonats-et.com\\\/en\\\/\"},{\"@type\":\"ListItem\",\"position\":2,\"name\":\"Shot peening\",\"item\":\"https:\\\/\\\/sonats-et.com\\\/en\\\/shot-peening\\\/\"},{\"@type\":\"ListItem\",\"position\":3,\"name\":\"Shot peening equipment\"}]},{\"@type\":\"WebSite\",\"@id\":\"https:\\\/\\\/sonats-et.com\\\/#website\",\"url\":\"https:\\\/\\\/sonats-et.com\\\/\",\"name\":\"SONATS\",\"description\":\"Grenaillage de pr\u00e9contrainte - SONATS - Shot peening et redressage ultrasons - contraintes r\u00e9siduelles\",\"potentialAction\":[{\"@type\":\"SearchAction\",\"target\":{\"@type\":\"EntryPoint\",\"urlTemplate\":\"https:\\\/\\\/sonats-et.com\\\/?s={search_term_string}\"},\"query-input\":{\"@type\":\"PropertyValueSpecification\",\"valueRequired\":true,\"valueName\":\"search_term_string\"}}],\"inLanguage\":\"en-US\"}]}<\/script>","yoast_head_json":{"title":"Portable shot peening equipment\u2502SONATS","description":"SONATS provides portable and semi-mobile shot peening equipments for preventive and corrective treatment in workshops or on-site operations.","robots":{"index":"index","follow":"follow","max-snippet":"max-snippet:-1","max-image-preview":"max-image-preview:large","max-video-preview":"max-video-preview:-1"},"canonical":"https:\/\/sonats-et.com\/en\/shot-peening\/shot-peening-equipment\/","og_locale":"en_US","og_type":"article","og_title":"Portable shot peening equipment\u2502SONATS","og_description":"SONATS provides portable and semi-mobile shot peening equipments for preventive and corrective treatment in workshops or on-site operations.","og_url":"https:\/\/sonats-et.com\/en\/shot-peening\/shot-peening-equipment\/","og_site_name":"SONATS","article_modified_time":"2024-12-23T15:51:25+00:00","og_image":[{"width":1569,"height":1231,"url":"https:\/\/sonats-et.com\/wp-content\/uploads\/sites\/3\/2017\/11\/Sonats-in-situ-local-peening-3.jpg","type":"image\/jpeg"}],"twitter_card":"summary_large_image","twitter_site":"@EuropeTechno","twitter_misc":{"Est. reading time":"6 minutes"},"schema":{"@context":"https:\/\/schema.org","@graph":[{"@type":"WebPage","@id":"https:\/\/sonats-et.com\/en\/shot-peening\/shot-peening-equipment\/","url":"https:\/\/sonats-et.com\/en\/shot-peening\/shot-peening-equipment\/","name":"Portable shot peening equipment\u2502SONATS","isPartOf":{"@id":"https:\/\/sonats-et.com\/#website"},"primaryImageOfPage":{"@id":"https:\/\/sonats-et.com\/en\/shot-peening\/shot-peening-equipment\/#primaryimage"},"image":{"@id":"https:\/\/sonats-et.com\/en\/shot-peening\/shot-peening-equipment\/#primaryimage"},"thumbnailUrl":"https:\/\/sonats-et.com\/wp-content\/uploads\/sites\/3\/2017\/11\/Sonats-in-situ-local-peening-3.jpg","datePublished":"2017-11-08T15:25:09+00:00","dateModified":"2024-12-23T15:51:25+00:00","description":"SONATS provides portable and semi-mobile shot peening equipments for preventive and corrective treatment in workshops or on-site operations.","breadcrumb":{"@id":"https:\/\/sonats-et.com\/en\/shot-peening\/shot-peening-equipment\/#breadcrumb"},"inLanguage":"en-US","potentialAction":[{"@type":"ReadAction","target":["https:\/\/sonats-et.com\/en\/shot-peening\/shot-peening-equipment\/"]}]},{"@type":"ImageObject","inLanguage":"en-US","@id":"https:\/\/sonats-et.com\/en\/shot-peening\/shot-peening-equipment\/#primaryimage","url":"https:\/\/sonats-et.com\/wp-content\/uploads\/sites\/3\/2017\/11\/Sonats-in-situ-local-peening-3.jpg","contentUrl":"https:\/\/sonats-et.com\/wp-content\/uploads\/sites\/3\/2017\/11\/Sonats-in-situ-local-peening-3.jpg","width":1569,"height":1231,"caption":"Ex-situ Subcontract shot peening - SONATS"},{"@type":"BreadcrumbList","@id":"https:\/\/sonats-et.com\/en\/shot-peening\/shot-peening-equipment\/#breadcrumb","itemListElement":[{"@type":"ListItem","position":1,"name":"Home","item":"https:\/\/sonats-et.com\/en\/"},{"@type":"ListItem","position":2,"name":"Shot peening","item":"https:\/\/sonats-et.com\/en\/shot-peening\/"},{"@type":"ListItem","position":3,"name":"Shot peening equipment"}]},{"@type":"WebSite","@id":"https:\/\/sonats-et.com\/#website","url":"https:\/\/sonats-et.com\/","name":"SONATS","description":"Grenaillage de pr\u00e9contrainte - SONATS - Shot peening et redressage ultrasons - contraintes r\u00e9siduelles","potentialAction":[{"@type":"SearchAction","target":{"@type":"EntryPoint","urlTemplate":"https:\/\/sonats-et.com\/?s={search_term_string}"},"query-input":{"@type":"PropertyValueSpecification","valueRequired":true,"valueName":"search_term_string"}}],"inLanguage":"en-US"}]}},"_links":{"self":[{"href":"https:\/\/sonats-et.com\/en\/wp-json\/wp\/v2\/pages\/14486","targetHints":{"allow":["GET"]}}],"collection":[{"href":"https:\/\/sonats-et.com\/en\/wp-json\/wp\/v2\/pages"}],"about":[{"href":"https:\/\/sonats-et.com\/en\/wp-json\/wp\/v2\/types\/page"}],"author":[{"embeddable":true,"href":"https:\/\/sonats-et.com\/en\/wp-json\/wp\/v2\/users\/1"}],"replies":[{"embeddable":true,"href":"https:\/\/sonats-et.com\/en\/wp-json\/wp\/v2\/comments?post=14486"}],"version-history":[{"count":23,"href":"https:\/\/sonats-et.com\/en\/wp-json\/wp\/v2\/pages\/14486\/revisions"}],"predecessor-version":[{"id":15748,"href":"https:\/\/sonats-et.com\/en\/wp-json\/wp\/v2\/pages\/14486\/revisions\/15748"}],"up":[{"embeddable":true,"href":"https:\/\/sonats-et.com\/en\/wp-json\/wp\/v2\/pages\/14448"}],"wp:featuredmedia":[{"embeddable":true,"href":"https:\/\/sonats-et.com\/en\/wp-json\/wp\/v2\/media\/13779"}],"wp:attachment":[{"href":"https:\/\/sonats-et.com\/en\/wp-json\/wp\/v2\/media?parent=14486"}],"curies":[{"name":"wp","href":"https:\/\/api.w.org\/{rel}","templated":true}]}}