{"id":14487,"date":"2017-11-08T16:25:29","date_gmt":"2017-11-08T15:25:29","guid":{"rendered":"https:\/\/sonats-et.com\/grenaillage\/machines-speciales-grenaillage\/"},"modified":"2025-05-16T11:39:08","modified_gmt":"2025-05-16T09:39:08","slug":"automated-shot-peening-equipment","status":"publish","type":"page","link":"https:\/\/sonats-et.com\/en\/shot-peening\/automated-shot-peening-equipment\/","title":{"rendered":"Automated shot peening equipment"},"content":{"rendered":"<div class=\"wpb-content-wrapper\"><p>[vc_row][vc_column][vc_row_inner equal_height=&#8221;yes&#8221; content_placement=&#8221;top&#8221;][vc_column_inner width=&#8221;2\/3&#8243;][vc_column_text css=&#8221;&#8221;]<\/p>\n<h2>Customized ultrasonic shot peening equipment<\/h2>\n<p>SONATS develops automated shot peening equipment, equipped with STRESSONIC\u00ae process, to improve productivity by reducing the shot peening cycle time and the risk of human error via real-time control of parameters.<\/p>\n<p>According to our analysis of the customer needs, and according to the treatment required, our technicians and mechanical engineers design customized machines with various degrees of automation.[\/vc_column_text][vc_gallery type=&#8221;image_grid&#8221; images=&#8221;18583,18585,18591,18593,18589,18587&#8243; img_size=&#8221;full&#8221; onclick=&#8221;custom_link&#8221; custom_links_target=&#8221;_blank&#8221; title=&#8221;Our markets&#8221; custom_links=&#8221;#E-8_aHR0cHMlM0ElMkYlMkZzb25hdHMtZXQuY29tJTJGZW4lMkZvdXItbWFya2V0cyUyRmFlcm9zcGFjZS1wZWVuaW5nJTJGJTJDaHR0cHMlM0ElMkYlMkZzb25hdHMtZXQuY29tJTJGZW4lMkZvdXItbWFya2V0cyUyRmF1dG9tb3RpdmUtc2hvdC1wZWVuaW5nJTJGJTJDaHR0cHMlM0ElMkYlMkZzb25hdHMtZXQuY29tJTJGZW4lMkZvdXItbWFya2V0cyUyRnNob3QtcGVlbmluZy1mb3ItbmF2YWwtZGVmZW5jZS1pbmR1c3RyaWVzJTJGJTJDaHR0cHMlM0ElMkYlMkZzb25hdHMtZXQuY29tJTJGZW4lMkZvdXItbWFya2V0cyUyRnNob3QtcGVlbmluZy1lbmVyZ3ktaW5kdXN0cnklMkYlMkNodHRwcyUzQSUyRiUyRnNvbmF0cy1ldC5jb20lMkZlbiUyRm91ci1tYXJrZXRzJTJGc2hvdC1wZWVuaW5nLW1lZGljYWwtaW5kdXN0cnklMkYlMkNodHRwcyUzQSUyRiUyRnNvbmF0cy1ldC5jb20lMkZlbiUyRm91ci1tYXJrZXRzJTJGdWx0cmFzb25pYy1pbXBhY3QtdHJlYXRtZW50LXJhaWx3YXklMkY=&#8221;][\/vc_column_inner][vc_column_inner width=&#8221;1\/3&#8243; css=&#8221;.vc_custom_1553102217022{background-color: #ffffff !important;}&#8221;]<div class=\"ult-content-box-container downloadform\" >\t<a class=\"ult-content-box-anchor\" href=\"http:\/\/sonats-et.com\/en\/downloads\/\" title=\"Download our brochure for customized ultrasonic shot peening equipment\" >\t\t<div class=\"ult-content-box\" style=\"background-color:rgba(0,157,224,0.15);box-shadow: px px px px none;padding:15px;margin-top:5px;margin-right:15px;margin-bottom:5px;margin-left:15px;-webkit-transition: all 700ms ease;-moz-transition: all 700ms ease;-ms-transition: all 700ms ease;-o-transition: all 700ms ease;transition: all 700ms ease;\"  data-hover_bg_color=\"rgba(205,91,27,0.15)\"  data-hover_box_shadow=\"none\"    data-normal_margins=\"margin-top:5px;margin-right:15px;margin-bottom:5px;margin-left:15px;\"   data-bg=\"rgba(0,157,224,0.15)\" >[vc_single_image image=&#8221;18542&#8243; img_size=&#8221;150&#215;212&#8243; alignment=&#8221;center&#8221;][vc_column_text]<\/p>\n<p style=\"text-align: center;\"><span style=\"color: #2f3787;\"><strong>Discover more about our automated shot peening equipment for automotive indsutrie.\u00a0<\/strong><\/span><\/p>\n<p>[\/vc_column_text][vc_btn title=&#8221;Download&#8221; style=&#8221;custom&#8221; custom_background=&#8221;#cd5b1b&#8221; custom_text=&#8221;#ffffff&#8221; align=&#8221;center&#8221; i_icon_fontawesome=&#8221;fas fa-file-download&#8221; add_icon=&#8221;true&#8221; link=&#8221;url:https%3A%2F%2Fsonats-et.com%2Fen%2Fdownloads%2F|title:download&#8221;]\t\t<\/div>\t<\/a><\/div>[\/vc_column_inner][\/vc_row_inner][vc_empty_space][vc_row_inner][vc_column_inner width=&#8221;1\/2&#8243;][vc_column_text]<\/p>\n<h3>TECHNICAL ADVANTAGES<\/h3>\n<p>\u2714 Treatment precision and control<\/p>\n<p>\u2714 Repeatability of treatment<\/p>\n<p>\u2714 Consistent treatment even for complex geometries<\/p>\n<p>\u2714 Surface quality[\/vc_column_text][\/vc_column_inner][vc_column_inner width=&#8221;1\/2&#8243;][vc_column_text]<\/p>\n<h3>INDUSTRIAL ADVANTAGES<\/h3>\n<p>\u2714 Simple set-up (no masking and decontamination)<\/p>\n<p>\u2714 Low consumption of media and energy<\/p>\n<p>\u2714 Small footprint (saves space in the production workshop)<\/p>\n<p>\u2714 ATEX reduction (risk of dust explosion)[\/vc_column_text][\/vc_column_inner][\/vc_row_inner][vc_row_inner][vc_column_inner][vc_column_text]<\/p>\n<h3>APPLICATION PIECES<\/h3>\n<p>Automated ultrasonic shot peening solutions are available for many applications and are approved by major prime contractors in the aerospace, automotive, energy and many other industries.[\/vc_column_text][vc_masonry_media_grid element_width=&#8221;2&#8243; gap=&#8221;0&#8243; item=&#8221;masonryMedia_SlideWithTitleAndCaption&#8221; grid_id=&#8221;vc_gid:1747388334173-6e7bceb7-535a-5&#8243; include=&#8221;13645,13647,13649,13651,13655,13657,13659,13661,13665,13667,13669,13671&#8243;][\/vc_column_inner][\/vc_row_inner][vc_row_inner content_placement=&#8221;middle&#8221; css=&#8221;.vc_custom_1682584805269{margin-bottom: 10px !important;padding-top: 15px !important;padding-right: 15px !important;padding-bottom: 0px !important;padding-left: 15px !important;background-color: rgba(205,91,27,0.15) !important;*background-color: rgb(205,91,27) !important;}&#8221;][vc_column_inner width=&#8221;2\/3&#8243;][vc_column_text css=&#8221;.vc_custom_1682584737718{padding-bottom: 0px !important;}&#8221;]<strong>In case of offloading or series production<\/strong>, SONATS provides <strong>sub-contracting services<\/strong> for the shot peening of your parts. Our workshop is equippend semi-portable equipment that is easily adjustable to the size and geometry of parts.[\/vc_column_text][\/vc_column_inner][vc_column_inner width=&#8221;1\/3&#8243;][vc_btn title=&#8221;Sub-contracting services&#8221; style=&#8221;custom&#8221; custom_background=&#8221;#cd5b1b&#8221; custom_text=&#8221;#ffffff&#8221; align=&#8221;center&#8221; i_icon_fontawesome=&#8221;fas fa-chevron-right&#8221; add_icon=&#8221;true&#8221; link=&#8221;url:https%3A%2F%2Fsonats-et.com%2Fen%2Fshot-peening%2Fshot-peening-service%2F|title:Shot%20peening%20service|target:_blank&#8221;][\/vc_column_inner][\/vc_row_inner][vc_row_inner][vc_column_inner][vc_column_text]<\/p>\n<h3>CERTIFICATION<\/h3>\n<p>Our customized machines are certified according to the following aeronautical recommendations :<\/p>\n<ul>\n<li>SAE\/AMS \u2013 AMS 2430 Shot peening, Automatic<\/li>\n<li>SAE\/AMS &#8211; AMS 2432 Shot peening, computer monitored<\/li>\n<li>SAE\/AME &#8211; AMS 2580 Shot peening, ultrasonically activated<\/li>\n<li>SAE\/AME &#8211; AMS 2585 Shot Peening media &#8211; ultrasonically activated<\/li>\n<li>BNAE-NFL 06 833\u00a0 Aerospace series \u2013 ultrasonic shot peening<\/li>\n<\/ul>\n<h2 style=\"text-align: center;\">Examples of automated equipment for ultrasonic shot peening<\/h2>\n<p>[\/vc_column_text][\/vc_column_inner][\/vc_row_inner][\/vc_column][\/vc_row][vc_row el_class=&#8221;block-half-col&#8221;][vc_column][vc_row_inner content_placement=&#8221;middle&#8221;][vc_column_inner width=&#8221;1\/2&#8243;][vc_column_text]<\/p>\n<h3>AUTOMATIC LOADING OF PARTS<\/h3>\n<p>Design and completion of an automated robot machine for the treatment of a turbocharger (turbine, compressor wheel) and gears (output shaft, crown, pinion) to be directly integrated into the production line. This machine was developed with a high degree of automation to respond to high speeds: robot loading via two robots installing and removing the parts to be treated, automatic counting and distribution of the beads, comprehensive supervision and quality report.[\/vc_column_text][\/vc_column_inner][vc_column_inner width=&#8221;1\/2&#8243;][vc_single_image image=&#8221;13709&#8243; img_size=&#8221;585*520&#8243; onclick=&#8221;zoom&#8221;][\/vc_column_inner][\/vc_row_inner][vc_row_inner content_placement=&#8221;middle&#8221; el_class=&#8221;range-alternance&#8221;][vc_column_inner width=&#8221;1\/2&#8243;][vc_single_image image=&#8221;15896&#8243; img_size=&#8221;585*520&#8243; image_hover=&#8221;&#8221;][\/vc_column_inner][vc_column_inner width=&#8221;1\/2&#8243;][vc_column_text]<\/p>\n<h3>AUTOMATIC TOOLING CHANGE<\/h3>\n<p>Development of a customized machine equipped with an ultrasonic shot peening machine for the treatment of parts and a robot for the automatic change of tooling in the storage areas. This specific design is used to treat different areas of the same parts as well as pieces of various shapes.[\/vc_column_text][\/vc_column_inner][\/vc_row_inner][vc_row_inner content_placement=&#8221;middle&#8221;][vc_column_inner width=&#8221;1\/2&#8243;][vc_column_text]<\/p>\n<h3>HIGH RATE PEENING<\/h3>\n<p>Design and completion of an automated robotic machine to respond to the challenge of a high rate of parts with a short cycle treatment. This cell is equipped with two robotic stations for picking up and removing aeronautical parts (blades, blade roots) in the treatment chamber.[\/vc_column_text][\/vc_column_inner][vc_column_inner width=&#8221;1\/2&#8243;][vc_single_image image=&#8221;13703&#8243; img_size=&#8221;585*520&#8243; image_hover=&#8221;&#8221;][\/vc_column_inner][\/vc_row_inner][vc_empty_space][\/vc_column][\/vc_row][vc_row bg_type=&#8221;bg_color&#8221; bg_override=&#8221;full&#8221; bg_color_value=&#8221;rgba(0,157,224,0.16)&#8221;][vc_column][vc_row_inner][vc_column_inner css=&#8221;.vc_custom_1682585688466{margin-bottom: 15px !important;padding-top: 15px !important;padding-bottom: 0px !important;}&#8221;][vc_column_text]<\/p>\n<h3>DOWNLOAD BROCHURES<\/h3>\n<p><span style=\"color: #cd5b1b;\"><strong>Would you like to know more about the ultrasonic shot peening process? <a style=\"color: #cd5b1b;\" href=\"https:\/\/sonats-et.com\/en\/downloads\/\" target=\"_blank\" rel=\"noopener\"><u>Download<\/u><\/a>\u00a0our dedicated brochures!<\/strong><\/span><br \/>\n<em>Heading \u201cUltrasonic Shot Peening\u201d on the download page<\/em>[\/vc_column_text]<div id=\"ult-carousel-421881290969d6a0e80e436\" class=\"ult-carousel-wrapper   ult_horizontal\" data-gutter=\"15\" data-rtl=\"false\" ><div class=\"ult-carousel-174303636469d6a0e80e350 \" >[vc_single_image image=&#8221;18544&#8243; img_size=&#8221;full&#8221; add_caption=&#8221;yes&#8221; alignment=&#8221;center&#8221; onclick=&#8221;custom_link&#8221; img_link_target=&#8221;_blank&#8221; link=&#8221;https:\/\/sonats-et.com\/en\/downloads\/&#8221;][vc_single_image image=&#8221;18542&#8243; img_size=&#8221;full&#8221; add_caption=&#8221;yes&#8221; alignment=&#8221;center&#8221; onclick=&#8221;custom_link&#8221; img_link_target=&#8221;_blank&#8221; link=&#8221;https:\/\/sonats-et.com\/en\/downloads\/&#8221;][vc_single_image image=&#8221;18540&#8243; img_size=&#8221;full&#8221; add_caption=&#8221;yes&#8221; alignment=&#8221;center&#8221; onclick=&#8221;custom_link&#8221; img_link_target=&#8221;_blank&#8221; link=&#8221;https:\/\/sonats-et.com\/en\/downloads\/&#8221;][vc_single_image image=&#8221;18538&#8243; img_size=&#8221;full&#8221; add_caption=&#8221;yes&#8221; alignment=&#8221;center&#8221; onclick=&#8221;custom_link&#8221; img_link_target=&#8221;_blank&#8221; link=&#8221;https:\/\/sonats-et.com\/en\/downloads\/&#8221;][vc_single_image image=&#8221;18533&#8243; img_size=&#8221;full&#8221; add_caption=&#8221;yes&#8221; alignment=&#8221;center&#8221; onclick=&#8221;custom_link&#8221; img_link_target=&#8221;_blank&#8221; link=&#8221;https:\/\/sonats-et.com\/en\/downloads\/&#8221;][vc_single_image image=&#8221;18503&#8243; img_size=&#8221;full&#8221; add_caption=&#8221;yes&#8221; alignment=&#8221;center&#8221; onclick=&#8221;custom_link&#8221; img_link_target=&#8221;_blank&#8221; link=&#8221;https:\/\/sonats-et.com\/en\/downloads\/&#8221;][vc_single_image image=&#8221;18501&#8243; img_size=&#8221;full&#8221; add_caption=&#8221;yes&#8221; alignment=&#8221;center&#8221; onclick=&#8221;custom_link&#8221; img_link_target=&#8221;_blank&#8221; link=&#8221;https:\/\/sonats-et.com\/en\/downloads\/&#8221;][vc_single_image image=&#8221;18495&#8243; img_size=&#8221;full&#8221; add_caption=&#8221;yes&#8221; alignment=&#8221;center&#8221; onclick=&#8221;custom_link&#8221; img_link_target=&#8221;_blank&#8221; link=&#8221;https:\/\/sonats-et.com\/en\/downloads\/&#8221;][vc_single_image image=&#8221;18493&#8243; img_size=&#8221;full&#8221; add_caption=&#8221;yes&#8221; alignment=&#8221;center&#8221; onclick=&#8221;custom_link&#8221; img_link_target=&#8221;_blank&#8221; link=&#8221;https:\/\/sonats-et.com\/en\/downloads\/&#8221;][vc_single_image image=&#8221;18476&#8243; img_size=&#8221;full&#8221; add_caption=&#8221;yes&#8221; alignment=&#8221;center&#8221; onclick=&#8221;custom_link&#8221; img_link_target=&#8221;_blank&#8221; link=&#8221;https:\/\/sonats-et.com\/en\/downloads\/&#8221;]<\/div><\/div>\t\t\t<script type=\"text\/javascript\">\n\t\t\t\tjQuery(document).ready(function ($) {\n\t\t\t\t\tif( typeof jQuery('.ult-carousel-174303636469d6a0e80e350').slick == \"function\"){\n\t\t\t\t\t\t$('.ult-carousel-174303636469d6a0e80e350').slick({dots: false,autoplay: true,autoplaySpeed: \"3000\",speed: \"300\",infinite: true,arrows: true,nextArrow: '<button type=\"button\" role=\"button\" aria-label=\"Next\" style=\"color:#333333; font-size:20px;\" class=\"slick-next default\"><i class=\"ultsl-arrow-right4\"><\/i><\/button>',prevArrow: '<button type=\"button\" role=\"button\" aria-label=\"Previous\" style=\"color:#333333; font-size:20px;\" class=\"slick-prev default\"><i class=\"ultsl-arrow-left4\"><\/i><\/button>',slidesToScroll:6,slidesToShow:6,swipe: true,draggable: true,touchMove: true,pauseOnHover: true,pauseOnFocus: false,responsive: [\n\t\t\t\t\t\t\t{\n\t\t\t\t\t\t\t  breakpoint: 1026,\n\t\t\t\t\t\t\t  settings: {\n\t\t\t\t\t\t\t\tslidesToShow: 6,\n\t\t\t\t\t\t\t\tslidesToScroll: 6,  \n\t\t\t\t\t\t\t  }\n\t\t\t\t\t\t\t},\n\t\t\t\t\t\t\t{\n\t\t\t\t\t\t\t  breakpoint: 1025,\n\t\t\t\t\t\t\t  settings: {\n\t\t\t\t\t\t\t\tslidesToShow: 3,\n\t\t\t\t\t\t\t\tslidesToScroll: 3\n\t\t\t\t\t\t\t  }\n\t\t\t\t\t\t\t},\n\t\t\t\t\t\t\t{\n\t\t\t\t\t\t\t  breakpoint: 760,\n\t\t\t\t\t\t\t  settings: {\n\t\t\t\t\t\t\t\tslidesToShow: 2,\n\t\t\t\t\t\t\t\tslidesToScroll: 2\n\t\t\t\t\t\t\t  }\n\t\t\t\t\t\t\t}\n\t\t\t\t\t\t],pauseOnDotsHover: true,customPaging: function(slider, i) {\n                   return '<i type=\"button\" style= \"color:#333333;\" class=\"ultsl-record\" data-role=\"none\"><\/i>';\n                },});\n\t\t\t\t\t}\n\t\t\t\t});\n\t\t\t<\/script>\n\t\t\t[\/vc_column_inner][\/vc_row_inner][\/vc_column][\/vc_row][vc_row][vc_column][vc_empty_space][\/vc_column][\/vc_row]<\/p>\n<\/div>","protected":false},"excerpt":{"rendered":"<p>[vc_row][vc_column][vc_row_inner equal_height=&#8221;yes&#8221; content_placement=&#8221;top&#8221;][vc_column_inner width=&#8221;2\/3&#8243;][vc_column_text css=&#8221;&#8221;] Customized ultrasonic shot peening equipment SONATS develops automated shot peening equipment, equipped with STRESSONIC\u00ae process, to improve productivity by reducing the shot peening cycle time&hellip;<\/p>\n","protected":false},"author":1,"featured_media":15281,"parent":14448,"menu_order":0,"comment_status":"closed","ping_status":"closed","template":"","meta":{"_acf_changed":false,"footnotes":""},"class_list":["post-14487","page","type-page","status-publish","has-post-thumbnail","hentry"],"acf":[],"yoast_head":"<title>Customized and automated shot peening equipment \u2502SONATS<\/title>\n<meta name=\"description\" content=\"SONATS develops automated shot peening equipment with different degree of automation to improve productivity and reduce risk a human error.\" \/>\n<meta name=\"robots\" content=\"index, follow, max-snippet:-1, max-image-preview:large, max-video-preview:-1\" \/>\n<link rel=\"canonical\" href=\"https:\/\/sonats-et.com\/en\/shot-peening\/automated-shot-peening-equipment\/\" \/>\n<meta property=\"og:locale\" content=\"en_US\" \/>\n<meta property=\"og:type\" content=\"article\" \/>\n<meta property=\"og:title\" content=\"Customized and automated shot peening equipment \u2502SONATS\" \/>\n<meta property=\"og:description\" content=\"SONATS develops automated shot peening equipment with different degree of automation to improve productivity and reduce risk a human error.\" \/>\n<meta property=\"og:url\" content=\"https:\/\/sonats-et.com\/en\/shot-peening\/automated-shot-peening-equipment\/\" \/>\n<meta property=\"og:site_name\" content=\"SONATS\" \/>\n<meta property=\"article:modified_time\" content=\"2025-05-16T09:39:08+00:00\" \/>\n<meta property=\"og:image\" content=\"https:\/\/sonats-et.com\/wp-content\/uploads\/sites\/3\/2018\/04\/Machine-sp\u00e9cialis\u00e9e-Traitement-de-pignon-par-grenaillage-de-pr\u00e9contrainte-par-ultrasons.jpg\" \/>\n\t<meta property=\"og:image:width\" content=\"2243\" \/>\n\t<meta property=\"og:image:height\" content=\"1994\" \/>\n\t<meta property=\"og:image:type\" content=\"image\/jpeg\" \/>\n<meta name=\"twitter:card\" content=\"summary_large_image\" \/>\n<meta name=\"twitter:site\" content=\"@EuropeTechno\" \/>\n<meta name=\"twitter:label1\" content=\"Est. reading time\" \/>\n\t<meta name=\"twitter:data1\" content=\"4 minutes\" \/>\n<script type=\"application\/ld+json\" class=\"yoast-schema-graph\">{\"@context\":\"https:\\\/\\\/schema.org\",\"@graph\":[{\"@type\":\"WebPage\",\"@id\":\"https:\\\/\\\/sonats-et.com\\\/en\\\/shot-peening\\\/automated-shot-peening-equipment\\\/\",\"url\":\"https:\\\/\\\/sonats-et.com\\\/en\\\/shot-peening\\\/automated-shot-peening-equipment\\\/\",\"name\":\"Customized and automated shot peening equipment \u2502SONATS\",\"isPartOf\":{\"@id\":\"https:\\\/\\\/sonats-et.com\\\/#website\"},\"primaryImageOfPage\":{\"@id\":\"https:\\\/\\\/sonats-et.com\\\/en\\\/shot-peening\\\/automated-shot-peening-equipment\\\/#primaryimage\"},\"image\":{\"@id\":\"https:\\\/\\\/sonats-et.com\\\/en\\\/shot-peening\\\/automated-shot-peening-equipment\\\/#primaryimage\"},\"thumbnailUrl\":\"https:\\\/\\\/sonats-et.com\\\/wp-content\\\/uploads\\\/sites\\\/3\\\/2018\\\/04\\\/Machine-sp\u00e9cialis\u00e9e-Traitement-de-pignon-par-grenaillage-de-pr\u00e9contrainte-par-ultrasons.jpg\",\"datePublished\":\"2017-11-08T15:25:29+00:00\",\"dateModified\":\"2025-05-16T09:39:08+00:00\",\"description\":\"SONATS develops automated shot peening equipment with different degree of automation to improve productivity and reduce risk a human error.\",\"breadcrumb\":{\"@id\":\"https:\\\/\\\/sonats-et.com\\\/en\\\/shot-peening\\\/automated-shot-peening-equipment\\\/#breadcrumb\"},\"inLanguage\":\"en-US\",\"potentialAction\":[{\"@type\":\"ReadAction\",\"target\":[\"https:\\\/\\\/sonats-et.com\\\/en\\\/shot-peening\\\/automated-shot-peening-equipment\\\/\"]}]},{\"@type\":\"ImageObject\",\"inLanguage\":\"en-US\",\"@id\":\"https:\\\/\\\/sonats-et.com\\\/en\\\/shot-peening\\\/automated-shot-peening-equipment\\\/#primaryimage\",\"url\":\"https:\\\/\\\/sonats-et.com\\\/wp-content\\\/uploads\\\/sites\\\/3\\\/2018\\\/04\\\/Machine-sp\u00e9cialis\u00e9e-Traitement-de-pignon-par-grenaillage-de-pr\u00e9contrainte-par-ultrasons.jpg\",\"contentUrl\":\"https:\\\/\\\/sonats-et.com\\\/wp-content\\\/uploads\\\/sites\\\/3\\\/2018\\\/04\\\/Machine-sp\u00e9cialis\u00e9e-Traitement-de-pignon-par-grenaillage-de-pr\u00e9contrainte-par-ultrasons.jpg\",\"width\":2243,\"height\":1994},{\"@type\":\"BreadcrumbList\",\"@id\":\"https:\\\/\\\/sonats-et.com\\\/en\\\/shot-peening\\\/automated-shot-peening-equipment\\\/#breadcrumb\",\"itemListElement\":[{\"@type\":\"ListItem\",\"position\":1,\"name\":\"Home\",\"item\":\"https:\\\/\\\/sonats-et.com\\\/en\\\/\"},{\"@type\":\"ListItem\",\"position\":2,\"name\":\"Shot peening\",\"item\":\"https:\\\/\\\/sonats-et.com\\\/en\\\/shot-peening\\\/\"},{\"@type\":\"ListItem\",\"position\":3,\"name\":\"Automated shot peening equipment\"}]},{\"@type\":\"WebSite\",\"@id\":\"https:\\\/\\\/sonats-et.com\\\/#website\",\"url\":\"https:\\\/\\\/sonats-et.com\\\/\",\"name\":\"SONATS\",\"description\":\"Grenaillage de pr\u00e9contrainte - SONATS - Shot peening et redressage ultrasons - contraintes r\u00e9siduelles\",\"potentialAction\":[{\"@type\":\"SearchAction\",\"target\":{\"@type\":\"EntryPoint\",\"urlTemplate\":\"https:\\\/\\\/sonats-et.com\\\/?s={search_term_string}\"},\"query-input\":{\"@type\":\"PropertyValueSpecification\",\"valueRequired\":true,\"valueName\":\"search_term_string\"}}],\"inLanguage\":\"en-US\"}]}<\/script>","yoast_head_json":{"title":"Customized and automated shot peening equipment \u2502SONATS","description":"SONATS develops automated shot peening equipment with different degree of automation to improve productivity and reduce risk a human error.","robots":{"index":"index","follow":"follow","max-snippet":"max-snippet:-1","max-image-preview":"max-image-preview:large","max-video-preview":"max-video-preview:-1"},"canonical":"https:\/\/sonats-et.com\/en\/shot-peening\/automated-shot-peening-equipment\/","og_locale":"en_US","og_type":"article","og_title":"Customized and automated shot peening equipment \u2502SONATS","og_description":"SONATS develops automated shot peening equipment with different degree of automation to improve productivity and reduce risk a human error.","og_url":"https:\/\/sonats-et.com\/en\/shot-peening\/automated-shot-peening-equipment\/","og_site_name":"SONATS","article_modified_time":"2025-05-16T09:39:08+00:00","og_image":[{"width":2243,"height":1994,"url":"https:\/\/sonats-et.com\/wp-content\/uploads\/sites\/3\/2018\/04\/Machine-sp\u00e9cialis\u00e9e-Traitement-de-pignon-par-grenaillage-de-pr\u00e9contrainte-par-ultrasons.jpg","type":"image\/jpeg"}],"twitter_card":"summary_large_image","twitter_site":"@EuropeTechno","twitter_misc":{"Est. reading time":"4 minutes"},"schema":{"@context":"https:\/\/schema.org","@graph":[{"@type":"WebPage","@id":"https:\/\/sonats-et.com\/en\/shot-peening\/automated-shot-peening-equipment\/","url":"https:\/\/sonats-et.com\/en\/shot-peening\/automated-shot-peening-equipment\/","name":"Customized and automated shot peening equipment \u2502SONATS","isPartOf":{"@id":"https:\/\/sonats-et.com\/#website"},"primaryImageOfPage":{"@id":"https:\/\/sonats-et.com\/en\/shot-peening\/automated-shot-peening-equipment\/#primaryimage"},"image":{"@id":"https:\/\/sonats-et.com\/en\/shot-peening\/automated-shot-peening-equipment\/#primaryimage"},"thumbnailUrl":"https:\/\/sonats-et.com\/wp-content\/uploads\/sites\/3\/2018\/04\/Machine-sp\u00e9cialis\u00e9e-Traitement-de-pignon-par-grenaillage-de-pr\u00e9contrainte-par-ultrasons.jpg","datePublished":"2017-11-08T15:25:29+00:00","dateModified":"2025-05-16T09:39:08+00:00","description":"SONATS develops automated shot peening equipment with different degree of automation to improve productivity and reduce risk a human error.","breadcrumb":{"@id":"https:\/\/sonats-et.com\/en\/shot-peening\/automated-shot-peening-equipment\/#breadcrumb"},"inLanguage":"en-US","potentialAction":[{"@type":"ReadAction","target":["https:\/\/sonats-et.com\/en\/shot-peening\/automated-shot-peening-equipment\/"]}]},{"@type":"ImageObject","inLanguage":"en-US","@id":"https:\/\/sonats-et.com\/en\/shot-peening\/automated-shot-peening-equipment\/#primaryimage","url":"https:\/\/sonats-et.com\/wp-content\/uploads\/sites\/3\/2018\/04\/Machine-sp\u00e9cialis\u00e9e-Traitement-de-pignon-par-grenaillage-de-pr\u00e9contrainte-par-ultrasons.jpg","contentUrl":"https:\/\/sonats-et.com\/wp-content\/uploads\/sites\/3\/2018\/04\/Machine-sp\u00e9cialis\u00e9e-Traitement-de-pignon-par-grenaillage-de-pr\u00e9contrainte-par-ultrasons.jpg","width":2243,"height":1994},{"@type":"BreadcrumbList","@id":"https:\/\/sonats-et.com\/en\/shot-peening\/automated-shot-peening-equipment\/#breadcrumb","itemListElement":[{"@type":"ListItem","position":1,"name":"Home","item":"https:\/\/sonats-et.com\/en\/"},{"@type":"ListItem","position":2,"name":"Shot peening","item":"https:\/\/sonats-et.com\/en\/shot-peening\/"},{"@type":"ListItem","position":3,"name":"Automated shot peening equipment"}]},{"@type":"WebSite","@id":"https:\/\/sonats-et.com\/#website","url":"https:\/\/sonats-et.com\/","name":"SONATS","description":"Grenaillage de pr\u00e9contrainte - SONATS - Shot peening et redressage ultrasons - contraintes r\u00e9siduelles","potentialAction":[{"@type":"SearchAction","target":{"@type":"EntryPoint","urlTemplate":"https:\/\/sonats-et.com\/?s={search_term_string}"},"query-input":{"@type":"PropertyValueSpecification","valueRequired":true,"valueName":"search_term_string"}}],"inLanguage":"en-US"}]}},"_links":{"self":[{"href":"https:\/\/sonats-et.com\/en\/wp-json\/wp\/v2\/pages\/14487","targetHints":{"allow":["GET"]}}],"collection":[{"href":"https:\/\/sonats-et.com\/en\/wp-json\/wp\/v2\/pages"}],"about":[{"href":"https:\/\/sonats-et.com\/en\/wp-json\/wp\/v2\/types\/page"}],"author":[{"embeddable":true,"href":"https:\/\/sonats-et.com\/en\/wp-json\/wp\/v2\/users\/1"}],"replies":[{"embeddable":true,"href":"https:\/\/sonats-et.com\/en\/wp-json\/wp\/v2\/comments?post=14487"}],"version-history":[{"count":6,"href":"https:\/\/sonats-et.com\/en\/wp-json\/wp\/v2\/pages\/14487\/revisions"}],"predecessor-version":[{"id":19339,"href":"https:\/\/sonats-et.com\/en\/wp-json\/wp\/v2\/pages\/14487\/revisions\/19339"}],"up":[{"embeddable":true,"href":"https:\/\/sonats-et.com\/en\/wp-json\/wp\/v2\/pages\/14448"}],"wp:featuredmedia":[{"embeddable":true,"href":"https:\/\/sonats-et.com\/en\/wp-json\/wp\/v2\/media\/15281"}],"wp:attachment":[{"href":"https:\/\/sonats-et.com\/en\/wp-json\/wp\/v2\/media?parent=14487"}],"curies":[{"name":"wp","href":"https:\/\/api.w.org\/{rel}","templated":true}]}}